{"id":7845,"date":"2020-01-09T17:06:52","date_gmt":"2020-01-09T20:06:52","guid":{"rendered":"https:\/\/gia.org.br\/portal\/?post_type=product&#038;p=7845"},"modified":"2021-04-15T13:08:36","modified_gmt":"2021-04-15T16:08:36","slug":"recursos-naturais-na-vida-caicara","status":"publish","type":"product","link":"https:\/\/gia.org.br\/portal\/produto\/recursos-naturais-na-vida-caicara\/","title":{"rendered":"Recursos naturais na vida cai\u00e7ara (livro digital &#8211; PDF)"},"content":{"rendered":"","protected":false},"excerpt":{"rendered":"<p style=\"text-align: justify;\">Percorrer o litoral do Paran\u00e1 \u00e9 entrar em contato com assuntos sobre a conserva\u00e7\u00e3o da natureza e com caracter\u00edsticas culturais das comunidades locais. \u00c9 tamb\u00e9m conhecer um pouco dos conflitos entre atividades econ\u00f4micas, pr\u00e1ticas humanas e prote\u00e7\u00e3o ambiental.<\/p>\n<p style=\"text-align: justify;\">O futuro, sendo resultado das constru\u00e7\u00f5es presentes, n\u00e3o pertence a ningu\u00e9m. Mas \u00e9\u00a0 certo que se constr\u00f3i sobre um passado comum. E \u00e9 nessa tentativa de descrever a forma de vida passada e presente, para pensar o futuro, que o Projeto Cultimar lan\u00e7a a seguinte pergunta: para onde caminham os cai\u00e7aras do Paran\u00e1?<\/p>\n<p style=\"text-align: justify;\">Os cai\u00e7aras, nesse processo de mudan\u00e7a no qual est\u00e3o inseridos hoje em dia, s\u00e3o, sem d\u00favida, os maiores atores desse questionamento a respeito do futuro. Pequenas comunidades afastadas, pessoas com fisionomias t\u00e3o diversas vindas da mistura de \u00edndios, colonizadores europeus e negros escravos, pescadores, agricultores, maricultores, artes\u00e3os, gente com muitos sonhos e que tamb\u00e9m sabem bem mostrar a dificuldade da vida no litoral.<\/p>\n<p style=\"text-align: justify;\">Temas relacionados \u00e0 hist\u00f3ria da regi\u00e3o, uso do mangue, do mato, pr\u00e1tica da pesca, da\u00a0 agricultura e ainda da cura natural. Cai\u00e7aras que mant\u00eam sua identidade por suas cren\u00e7as, festas que acontecem nesse meio e o misticismo que acompanha suas vidas. Essas foram as caracter\u00edsticas trabalhadas ao longo de quase tr\u00eas anos do projeto Cultimar na regi\u00e3o e a partir de viagens de revitaliza\u00e7\u00e3o da cultura realizadas por canoa a remo e a vela. A id\u00e9ia foi realizar um levantamento etno-hist\u00f3rico que reunisse informa\u00e7\u00f5es do modo de vida cai\u00e7ara do Paran\u00e1.<\/p>\n<p style=\"text-align: justify;\">As informa\u00e7\u00f5es de que a presente cartilha trata s\u00e3o resultado de conversas informais e formais com diferentes cai\u00e7aras paranaenses. O objetivo principal desse trabalho foi (re)criar o ambiente do \u201cuso cai\u00e7ara\u201d, a partir da confec\u00e7\u00e3o de mapas sobre as comunidades do litoral norte do estado.<\/p>\n<p style=\"text-align: justify;\">Esses mapas foram separados em (1) \u201cMapas das Vilas\u201d, que trazem as informa\u00e7\u00f5es atuais das comunidades, plotadas sob cartas cedidas pela Secretaria do Meio Ambiente do Paran\u00e1; (2) \u201cMapas Mentais Hist\u00f3ricos\u201d, que podem remeter a caracter\u00edsticas de uso hist\u00f3rico da regi\u00e3o ou mesmo remeter \u00e0 antiga estrutura das comunidades visitadas; e (3) \u201cMapa de Uso Cai\u00e7ara\u201d, que re\u00fane informa\u00e7\u00f5es do uso e manejo atuais dos recursos naturais e alguns dados socioecon\u00f4micos e culturais da regi\u00e3o.<\/p>\n<p style=\"text-align: justify;\">Al\u00e9m dos mapas, essa cartilha traz breves textos sobre as comunidades. Esses textos foram organizados de forma a seguir as caracter\u00edsticas trabalhadas no mapa de uso: informa\u00e7\u00f5es sobre os diferentes tipos de pesca e apetrechos utilizados; trabalho com maricultura; com extra\u00e7\u00e3o do mangue e da mata; com agricultura; informa\u00e7\u00f5es hist\u00f3ricas, al\u00e9m de informa\u00e7\u00f5es da infra-estrutura dessas comunidades. Apesar da peculiaridade desses assuntos, essa cartilha n\u00e3o tem inten\u00e7\u00e3o nenhuma de expor as comunidades e seus moradores, mas sim caracterizar o espa\u00e7o de vida dos cai\u00e7aras do Paran\u00e1, caracterizando a cultura local.<\/p>\n","protected":false},"featured_media":11976,"comment_status":"open","ping_status":"closed","template":"","meta":[],"product_cat":[23],"product_tag":[229,237,236,228,234],"class_list":{"0":"post-7845","1":"product","2":"type-product","3":"status-publish","4":"has-post-thumbnail","6":"product_cat-livros-digitais","7":"product_tag-caicara","8":"product_tag-cultura","9":"product_tag-cultura-caicara","10":"product_tag-educacao-biorregionalista","11":"product_tag-litoral-do-parana","13":"first","14":"instock","15":"downloadable","16":"shipping-taxable","17":"purchasable","18":"product-type-simple"},"_links":{"self":[{"href":"https:\/\/gia.org.br\/portal\/wp-json\/wp\/v2\/product\/7845","targetHints":{"allow":["GET"]}}],"collection":[{"href":"https:\/\/gia.org.br\/portal\/wp-json\/wp\/v2\/product"}],"about":[{"href":"https:\/\/gia.org.br\/portal\/wp-json\/wp\/v2\/types\/product"}],"replies":[{"embeddable":true,"href":"https:\/\/gia.org.br\/portal\/wp-json\/wp\/v2\/comments?post=7845"}],"version-history":[{"count":0,"href":"https:\/\/gia.org.br\/portal\/wp-json\/wp\/v2\/product\/7845\/revisions"}],"wp:featuredmedia":[{"embeddable":true,"href":"https:\/\/gia.org.br\/portal\/wp-json\/wp\/v2\/media\/11976"}],"wp:attachment":[{"href":"https:\/\/gia.org.br\/portal\/wp-json\/wp\/v2\/media?parent=7845"}],"wp:term":[{"taxonomy":"product_cat","embeddable":true,"href":"https:\/\/gia.org.br\/portal\/wp-json\/wp\/v2\/product_cat?post=7845"},{"taxonomy":"product_tag","embeddable":true,"href":"https:\/\/gia.org.br\/portal\/wp-json\/wp\/v2\/product_tag?post=7845"}],"curies":[{"name":"wp","href":"https:\/\/api.w.org\/{rel}","templated":true}]}}