{"id":5148,"date":"2019-12-19T16:47:48","date_gmt":"2019-12-19T19:47:48","guid":{"rendered":"https:\/\/gia.org.br\/portal\/?post_type=product&#038;p=5148"},"modified":"2022-02-04T07:36:06","modified_gmt":"2022-02-04T09:36:06","slug":"peixes-organicos","status":"publish","type":"product","link":"https:\/\/gia.org.br\/portal\/produto\/peixes-organicos\/","title":{"rendered":"Um pouco de tudo o que voc\u00ea sempre quis saber sobre o cultivo de peixes org\u00e2nicos (livro digital &#8211; PDF)"},"content":{"rendered":"<p style=\"text-align: center;\"><a href=\"https:\/\/gia.org.br\/portal\/wp-content\/uploads\/2019\/12\/Capa-org\u00e2nicos.png\" target=\"_blank\" rel=\"noopener noreferrer\"><img fetchpriority=\"high\" decoding=\"async\" class=\"aligncenter wp-image-5150 size-large cc_cursor\" src=\"https:\/\/gia.org.br\/portal\/wp-content\/uploads\/2019\/12\/Capa-org\u00e2nicos-724x1024.png\" alt=\"\" width=\"724\" height=\"1024\" srcset=\"https:\/\/gia.org.br\/portal\/wp-content\/uploads\/2019\/12\/Capa-org\u00e2nicos-724x1024.png 724w, https:\/\/gia.org.br\/portal\/wp-content\/uploads\/2019\/12\/Capa-org\u00e2nicos-750x1061.png 750w, https:\/\/gia.org.br\/portal\/wp-content\/uploads\/2019\/12\/Capa-org\u00e2nicos-1140x1612.png 1140w, https:\/\/gia.org.br\/portal\/wp-content\/uploads\/2019\/12\/Capa-org\u00e2nicos-212x300.png 212w, https:\/\/gia.org.br\/portal\/wp-content\/uploads\/2019\/12\/Capa-org\u00e2nicos-768x1086.png 768w, https:\/\/gia.org.br\/portal\/wp-content\/uploads\/2019\/12\/Capa-org\u00e2nicos-440x622.png 440w, https:\/\/gia.org.br\/portal\/wp-content\/uploads\/2019\/12\/Capa-org\u00e2nicos-627x887.png 627w, https:\/\/gia.org.br\/portal\/wp-content\/uploads\/2019\/12\/Capa-org\u00e2nicos.png 1654w\" sizes=\"(max-width: 724px) 100vw, 724px\" \/><\/a><\/p>\n","protected":false},"excerpt":{"rendered":"<p><em>Este livro \u00e9 fruto da curiosidade dos pr\u00f3prios autores sobre as normas para produ\u00e7\u00e3o de peixes org\u00e2nicos no Brasil. Ao buscarmos informa\u00e7\u00f5es sobre o tema, durante uma disciplina ofertada ao curso de gradua\u00e7\u00e3o em Zootecnia, na Universidade Federal do Paran\u00e1, constatamos que as informa\u00e7\u00f5es eram escassas, esparsas, desorganizadas e, n\u00e3o raro, pouco claras e orientativas. <\/em><\/p>\n<p><em>Procuramos ent\u00e3o organizar as nossas pr\u00f3prias d\u00favidas, na forma de perguntas, e buscamos as respostas para elas. Quando percebemos, t\u00ednhamos em m\u00e3os um material que poderia ser compartilhado com outras pessoas que pudessem ter as mesmas d\u00favidas. <\/em><\/p>\n<p><em>\u00c9 preciso deixar bem claro que este n\u00e3o \u00e9 um &#8220;manual de produ\u00e7\u00e3o de peixes org\u00e2nicos&#8221;, ou um livro sobre t\u00e9cnicas de cultivo, mas sim um documento que procura esclarecer ao leitor o que \u00e9 necess\u00e1rio fazer e respeitar para que um determinado empreendimento de piscicultura possa vir a ser certificado e habilitado para comercializar peixes org\u00e2nicos.<\/em><\/p>\n<p>Clique em Comprar, preencha seus dados e baixe o livro gratuitamente.<\/p>\n","protected":false},"featured_media":5150,"comment_status":"open","ping_status":"closed","template":"","meta":[],"product_cat":[23],"product_tag":[216,101,215,210,217,218,212,213,214,211],"class_list":{"0":"post-5148","1":"product","2":"type-product","3":"status-publish","4":"has-post-thumbnail","6":"product_cat-livros-digitais","7":"product_tag-aquicultura-organica","8":"product_tag-gia","9":"product_tag-gia-organicos","10":"product_tag-livro-peixes-organicos","11":"product_tag-organic-aquaculture","12":"product_tag-organic-tilapia","13":"product_tag-peixes-organicos","14":"product_tag-piscicultura-organica","15":"product_tag-tilapia","16":"product_tag-tilapia-organica","18":"first","19":"instock","20":"downloadable","21":"virtual","22":"purchasable","23":"product-type-simple"},"_links":{"self":[{"href":"https:\/\/gia.org.br\/portal\/wp-json\/wp\/v2\/product\/5148","targetHints":{"allow":["GET"]}}],"collection":[{"href":"https:\/\/gia.org.br\/portal\/wp-json\/wp\/v2\/product"}],"about":[{"href":"https:\/\/gia.org.br\/portal\/wp-json\/wp\/v2\/types\/product"}],"replies":[{"embeddable":true,"href":"https:\/\/gia.org.br\/portal\/wp-json\/wp\/v2\/comments?post=5148"}],"version-history":[{"count":0,"href":"https:\/\/gia.org.br\/portal\/wp-json\/wp\/v2\/product\/5148\/revisions"}],"wp:featuredmedia":[{"embeddable":true,"href":"https:\/\/gia.org.br\/portal\/wp-json\/wp\/v2\/media\/5150"}],"wp:attachment":[{"href":"https:\/\/gia.org.br\/portal\/wp-json\/wp\/v2\/media?parent=5148"}],"wp:term":[{"taxonomy":"product_cat","embeddable":true,"href":"https:\/\/gia.org.br\/portal\/wp-json\/wp\/v2\/product_cat?post=5148"},{"taxonomy":"product_tag","embeddable":true,"href":"https:\/\/gia.org.br\/portal\/wp-json\/wp\/v2\/product_tag?post=5148"}],"curies":[{"name":"wp","href":"https:\/\/api.w.org\/{rel}","templated":true}]}}