{"id":439,"date":"2017-11-13T22:33:49","date_gmt":"2017-11-14T00:33:49","guid":{"rendered":"https:\/\/gia.org.br\/portal\/?post_type=product&#038;p=439"},"modified":"2023-06-05T20:48:08","modified_gmt":"2023-06-05T23:48:08","slug":"a-producao-integrada-na-carcinicultura-brasileira-volume-1","status":"publish","type":"product","link":"https:\/\/gia.org.br\/portal\/produto\/a-producao-integrada-na-carcinicultura-brasileira-volume-1\/","title":{"rendered":"A produ\u00e7\u00e3o integrada na carcinicultura brasileira (Volume 1) &#8211; (Livro Digital &#8211; PDF)"},"content":{"rendered":"<p>Ganhar dinheiro produzindo camar\u00f5es marinhos \u00e9 uma ideia que seduz muita gente. Camar\u00e3o \u00e9 um produto considerado \u201cde luxo, de alto valor de mercado, demandado por pessoas de alto poder aquisitivo\u201d e, por isso mesmo, n\u00e3o raramente, desperta entre potenciais investidores a imagem de que a atividade \u00e9 uma \u201cmina de dinheiro\u201d, um investimento de retorno l\u00edquido e certo, de alta taxa de remunera\u00e7\u00e3o e baixos riscos.<\/p>\n<p>A realidade com a qual se deparam os produtores, entretanto, \u00e9 bem diferente. O cultivo de camar\u00f5es marinhos, atividade chamada de carcinicultura (carcini &#8211; do grego kark\u00ednos = \u201ccaranguejo\u201d, \u201ccrust\u00e1ceo\u201d; cultura &#8211; do latim culturae = \u201ca\u00e7\u00e3o de tratar\u201d, \u201ccultivar\u201d) pode, de fato ser lucrativa e compensadora, mas est\u00e1 muito longe desse lucro ser f\u00e1cil ou mesmo garantido.<\/p>\n<p>Neste livro, dividido em dois volumes, aborda-se um conceito relativamente novo, tanto no Brasil, quanto no mundo. \u00c9 uma nova forma de se encarar as atividades agropecu\u00e1rias, denominada \u201cProdu\u00e7\u00e3o Integrada\u201d. Os autores procuram demonstrar o quanto esta atividade \u00e9 complexa e o quanto o conhecimento t\u00e9cnico pode fazer a diferen\u00e7a entre margens de lucro realmente atrativas e retumbantes fracassos financeiros.<\/p>\n<p>&nbsp;<\/p>\n<p>Ficha Catalogr\u00e1fica:<\/p>\n<p>A produ\u00e7\u00e3o integrada na carcinicultura brasileira: princ\u00edpios e pr\u00e1ticas para se cultivar camar\u00f5es marinhos de forma mais racional e eficiente \/ Antonio Ostrensky&#8230; [et al.]. Curitiba: Instituto GIA, 2017.<br \/>\n2 v.; il.<br \/>\nConte\u00fado: v.1. Aspectos biol\u00f3gicos, sanit\u00e1rios, legais, ambientais, sociais e operacionais &#8211; v. 2. Cultivando camar\u00f5es marinhos<br \/>\n1.Carcinicultura. 2. Camar\u00e3o marinho. 3. Camar\u00e3o \u2013 Cria\u00e7\u00e3o &#8211; Brasil. I. Ostrensky, Antonio. II. T\u00edtulo.<br \/>\nCDU: 639.512(81)<\/p>\n","protected":false},"excerpt":{"rendered":"<p><strong>Volume I:<\/strong> aspectos biol\u00f3gicos, sanit\u00e1rios, legais, ambientais, sociais e operacionais.<\/p>\n","protected":false},"featured_media":480,"comment_status":"open","ping_status":"closed","template":"","meta":[],"product_cat":[23],"product_tag":[60,67,66,61,62,54,56,63,64,65],"class_list":{"0":"post-439","1":"product","2":"type-product","3":"status-publish","4":"has-post-thumbnail","6":"product_cat-livros-digitais","7":"product_tag-antonio-ostrensky","8":"product_tag-camaroes-marinhos","9":"product_tag-carcinicultura","10":"product_tag-diego-junqueira-stevanato","11":"product_tag-giorgi-dal-pont","12":"product_tag-gisela-geraldine-castilho-westphal","13":"product_tag-marcus-vinicius-fier-girotto","14":"product_tag-nathieli-cozer","15":"product_tag-rafael-fernandez-garcia-madrigal","16":"product_tag-ubirata-de-assis-teixeira-da-silva","18":"first","19":"instock","20":"featured","21":"downloadable","22":"virtual","23":"purchasable","24":"product-type-simple"},"_links":{"self":[{"href":"https:\/\/gia.org.br\/portal\/wp-json\/wp\/v2\/product\/439","targetHints":{"allow":["GET"]}}],"collection":[{"href":"https:\/\/gia.org.br\/portal\/wp-json\/wp\/v2\/product"}],"about":[{"href":"https:\/\/gia.org.br\/portal\/wp-json\/wp\/v2\/types\/product"}],"replies":[{"embeddable":true,"href":"https:\/\/gia.org.br\/portal\/wp-json\/wp\/v2\/comments?post=439"}],"version-history":[{"count":0,"href":"https:\/\/gia.org.br\/portal\/wp-json\/wp\/v2\/product\/439\/revisions"}],"wp:featuredmedia":[{"embeddable":true,"href":"https:\/\/gia.org.br\/portal\/wp-json\/wp\/v2\/media\/480"}],"wp:attachment":[{"href":"https:\/\/gia.org.br\/portal\/wp-json\/wp\/v2\/media?parent=439"}],"wp:term":[{"taxonomy":"product_cat","embeddable":true,"href":"https:\/\/gia.org.br\/portal\/wp-json\/wp\/v2\/product_cat?post=439"},{"taxonomy":"product_tag","embeddable":true,"href":"https:\/\/gia.org.br\/portal\/wp-json\/wp\/v2\/product_tag?post=439"}],"curies":[{"name":"wp","href":"https:\/\/api.w.org\/{rel}","templated":true}]}}