{"id":2391,"date":"2017-12-21T16:41:44","date_gmt":"2017-12-21T18:41:44","guid":{"rendered":"https:\/\/gia.org.br\/portal\/?post_type=product&#038;p=2391"},"modified":"2026-03-25T10:38:02","modified_gmt":"2026-03-25T13:38:02","slug":"fao-agricultura-irrigada-sustentavel-no-brasil-identificacao-de-areas-prioritarias-livro-digital-pdf","status":"publish","type":"product","link":"https:\/\/gia.org.br\/portal\/produto\/fao-agricultura-irrigada-sustentavel-no-brasil-identificacao-de-areas-prioritarias-livro-digital-pdf\/","title":{"rendered":"FAO: Agricultura Irrigada Sustent\u00e1vel no Brasil &#8211; Identifica\u00e7\u00e3o de \u00c1reas&#8230; (Livro Digital &#8211; PDF)"},"content":{"rendered":"<p>A \u00e1gua doce tem se tornando um dos recursos naturais mais escassos do s\u00e9culo XXI. Diante desse contexto apresenta-se o desafio de garantir investimentos eficazes para otimizar o uso deste recurso muito procurado com o intuito de aumentar a produtividade e a efici\u00eancia global da \u00e1gua nos m\u00faltiplos sistemas de irriga\u00e7\u00e3o.<\/p>\n<p>Levantamentos realizados pela Organiza\u00e7\u00e3o das Na\u00e7\u00f5es Unidas para Alimenta\u00e7\u00e3o e Agricultura (FAO) apontam que a agricultura \u00e9 a principal usu\u00e1ria dos recursos h\u00eddricos dispon\u00edveis, uma m\u00e9dia de 70% do consumo mundial. A contribui\u00e7\u00e3o da agricultura irrigada \u00e9 que ela representa uma poderosa ferramenta de gest\u00e3o contra as incertezas de chuvas que afetam diversas regi\u00f5es do mundo. A irriga\u00e7\u00e3o tamb\u00e9m se torna economicamente atraente no cultivo de alto rendimento e aplica nutrientes e pesticidas apropriados para explorar o potencial de variedades modernas.<\/p>\n<p>O livro: Agricultura irrigada sustent\u00e1vel no Brasil: identifica\u00e7\u00e3o de \u00e1reas priorit\u00e1rias, elaborado pela FAO atrav\u00e9s da solicita\u00e7\u00e3o do Minist\u00e9rio de Agricultura, Pecu\u00e1ria e Abastecimento (MAPA), com a colabora\u00e7\u00e3o da Ag\u00eancia Nacional de \u00c1guas (ANA) tem como objetivo elaborar estrat\u00e9gias para fomentar a agricultura irrigada no Brasil.<\/p>\n<p>O livro apresenta um panorama de \u00e1reas priorit\u00e1rias com potencial para o fomento da agricultura irrigada no Brasil por meio do uso adequado e sustent\u00e1vel das \u00e1guas superficiais e subterr\u00e2neas sem conflitos com os demais usu\u00e1rios, al\u00e9m de definir metas e formas mais eficazes de utiliza\u00e7\u00e3o da irriga\u00e7\u00e3o.<\/p>\n<p>A escassez de \u00e1gua e energia em quantidade e qualidade em determinadas regi\u00f5es brasileiras para uso em irriga\u00e7\u00e3o sem gerar conflitos entre os demais usu\u00e1rios \u00e9 um grande desafio, exige melhor gest\u00e3o e planejamento do uso adequado e sustent\u00e1vel dos recursos. O fomento da agricultura irrigada sustent\u00e1vel no Brasil tem como base algumas das principais culturas de interesse do mercado interno e de exporta\u00e7\u00e3o.<\/p>\n<p>O objetivo deste livro \u00e9 disponibilizar informa\u00e7\u00f5es baseadas em crit\u00e9rios t\u00e9cnicos, ambientais, de infraestrutura e de disponibilidade h\u00eddrica para entidades p\u00fablicas, privadas, pesquisadores, estudantes e para a sociedade em geral.<\/p>\n<p>Boa leitura!<\/p>\n<p>Alan Bojanic, representante da FAO no Brasil<\/p>\n","protected":false},"excerpt":{"rendered":"<p>A \u00e1gua doce tem se tornando um dos recursos naturais mais escassos do s\u00e9culo XXI. Diante desse contexto apresenta-se o desafio de garantir investimentos eficazes para otimizar o uso deste recurso muito procurado com o intuito de aumentar a produtividade e a efici\u00eancia global da \u00e1gua nos m\u00faltiplos sistemas de irriga\u00e7\u00e3o. Levantamentos realizados pela Organiza\u00e7\u00e3o [&hellip;]<\/p>\n","protected":false},"featured_media":11980,"comment_status":"open","ping_status":"closed","template":"","meta":[],"product_cat":[23],"product_tag":[113,110,111,82,112,107],"class_list":{"0":"post-2391","1":"product","2":"type-product","3":"status-publish","4":"has-post-thumbnail","6":"product_cat-livros-digitais","7":"product_tag-fao","8":"product_tag-helder-rafael-nocko","9":"product_tag-irrigacao","10":"product_tag-jose-roberto-borghetti","11":"product_tag-plano-nacional-de-irrigacao","12":"product_tag-recursos-hidricos","14":"first","15":"instock","16":"featured","17":"downloadable","18":"virtual","19":"purchasable","20":"product-type-simple"},"_links":{"self":[{"href":"https:\/\/gia.org.br\/portal\/wp-json\/wp\/v2\/product\/2391","targetHints":{"allow":["GET"]}}],"collection":[{"href":"https:\/\/gia.org.br\/portal\/wp-json\/wp\/v2\/product"}],"about":[{"href":"https:\/\/gia.org.br\/portal\/wp-json\/wp\/v2\/types\/product"}],"replies":[{"embeddable":true,"href":"https:\/\/gia.org.br\/portal\/wp-json\/wp\/v2\/comments?post=2391"}],"version-history":[{"count":0,"href":"https:\/\/gia.org.br\/portal\/wp-json\/wp\/v2\/product\/2391\/revisions"}],"wp:featuredmedia":[{"embeddable":true,"href":"https:\/\/gia.org.br\/portal\/wp-json\/wp\/v2\/media\/11980"}],"wp:attachment":[{"href":"https:\/\/gia.org.br\/portal\/wp-json\/wp\/v2\/media?parent=2391"}],"wp:term":[{"taxonomy":"product_cat","embeddable":true,"href":"https:\/\/gia.org.br\/portal\/wp-json\/wp\/v2\/product_cat?post=2391"},{"taxonomy":"product_tag","embeddable":true,"href":"https:\/\/gia.org.br\/portal\/wp-json\/wp\/v2\/product_tag?post=2391"}],"curies":[{"name":"wp","href":"https:\/\/api.w.org\/{rel}","templated":true}]}}