{"id":2386,"date":"2017-12-21T16:27:44","date_gmt":"2017-12-21T18:27:44","guid":{"rendered":"https:\/\/gia.org.br\/portal\/?post_type=product&#038;p=2386"},"modified":"2024-07-17T11:52:52","modified_gmt":"2024-07-17T14:52:52","slug":"agua-na-industria-uma-analise-da-visao-do-setor-industrial-versao-digital-pdf","status":"publish","type":"product","link":"https:\/\/gia.org.br\/portal\/produto\/agua-na-industria-uma-analise-da-visao-do-setor-industrial-versao-digital-pdf\/","title":{"rendered":"\u00c1gua na ind\u00fastria: uma an\u00e1lise da vis\u00e3o do setor industrial&#8230; (Vers\u00e3o Digital &#8211; PDF)"},"content":{"rendered":"<p>O presente projeto foi realizado com o objetivo de iniciar, no \u00e2mbito da Federa\u00e7\u00e3o das Ind\u00fastrias do Estado do Paran\u00e1, um processo de discuss\u00e3o e de a\u00e7\u00f5es voltadas ao tema \u201c\u00e1gua na ind\u00fastria\u201d. A primeira motiva\u00e7\u00e3o para a sua realiza\u00e7\u00e3o \u00e9 a cobran\u00e7a pelo uso da \u00e1gua, estabelecida pelo Comit\u00ea das Bacias do Alto Igua\u00e7u e Afluentes do Alto Ribeira. Mas, a quest\u00e3o do uso de recursos h\u00eddricos extrapola atualmente o impacto causado por tal cobran\u00e7a.<\/p>\n<p>Observa-se, muito em fun\u00e7\u00e3o da crise de abastecimento de \u00e1gua que vem se alastrando pela regi\u00e3o Sudeste e, de forma mais espec\u00edfica, no estado de S\u00e3o Paulo, que os problemas relacionados \u00e0 disponibilidade h\u00eddrica deixaram de ser exclusivos da regi\u00e3o Nordeste e come\u00e7am a bater em nossas pr\u00f3prias portas. Assim, mais cedo ou mais tarde, as ind\u00fastrias ter\u00e3o que inserir este tema entre suas preocupa\u00e7\u00f5es e prioridades.<\/p>\n<p>Segundo nossa consci\u00eancia coletiva, parecia ser normal ver pela TV pessoas andando por quil\u00f4metros e quil\u00f4metros de dist\u00e2ncia para disputar um pouco de \u00e1gua barrenta e contaminada com bois, vacas ou porcos. Como esse problema vem desde que o Brasil foi descoberto, ach\u00e1vamos isso realmente normal. Mas, agora, com a crise instalada na regi\u00e3o Sudeste, a busca sobre formas de se utilizar mais racional e eficientemente os recursos h\u00eddricos n\u00e3o \u00e9 mais uma quest\u00e3o regional, mas sim uma necessidade nacional, afetando indistintamente os consumidores residenciais, o setor agr\u00edcola e o setor industrial do pa\u00eds.<\/p>\n<p>O trabalho aqui realizado esteve inserido neste contexto de avalia\u00e7\u00e3o da ind\u00fastria como agente da conserva\u00e7\u00e3o dos recursos h\u00eddricos na bacia do Alto Igua\u00e7u e afluentes do Alto Ribeira. Ele foi baseado na elabora\u00e7\u00e3o de um diagn\u00f3stico sobre a vis\u00e3o do setor industrial em rela\u00e7\u00e3o \u00e0 cobran\u00e7a pelo uso da \u00e1gua, estabelecida pelo Comit\u00ea das Bacias do Alto Igua\u00e7u e Afluentes do Alto Ribeira e a utiliza\u00e7\u00e3o dos recursos gerados a partir desta.<\/p>\n","protected":false},"excerpt":{"rendered":"<p>O presente projeto foi realizado com o objetivo de iniciar, no \u00e2mbito da Federa\u00e7\u00e3o das Ind\u00fastrias do Estado do Paran\u00e1, um processo de discuss\u00e3o e de a\u00e7\u00f5es voltadas ao tema \u201c\u00e1gua na ind\u00fastria\u201d. A primeira motiva\u00e7\u00e3o para a sua realiza\u00e7\u00e3o \u00e9 a cobran\u00e7a pelo uso da \u00e1gua, estabelecida pelo Comit\u00ea das Bacias do Alto Igua\u00e7u [&hellip;]<\/p>\n","protected":false},"featured_media":2389,"comment_status":"open","ping_status":"closed","template":"","meta":[],"product_cat":[23],"product_tag":[105,60,84,109,82,107],"class_list":{"0":"post-2386","1":"product","2":"type-product","3":"status-publish","4":"has-post-thumbnail","6":"product_cat-livros-digitais","7":"product_tag-agua-na-industria","8":"product_tag-antonio-ostrensky","9":"product_tag-debora-pestana","10":"product_tag-francis-mara-vieira-schuster-pinto","11":"product_tag-jose-roberto-borghetti","12":"product_tag-recursos-hidricos","14":"first","15":"instock","16":"downloadable","17":"virtual","18":"purchasable","19":"product-type-simple"},"_links":{"self":[{"href":"https:\/\/gia.org.br\/portal\/wp-json\/wp\/v2\/product\/2386","targetHints":{"allow":["GET"]}}],"collection":[{"href":"https:\/\/gia.org.br\/portal\/wp-json\/wp\/v2\/product"}],"about":[{"href":"https:\/\/gia.org.br\/portal\/wp-json\/wp\/v2\/types\/product"}],"replies":[{"embeddable":true,"href":"https:\/\/gia.org.br\/portal\/wp-json\/wp\/v2\/comments?post=2386"}],"version-history":[{"count":0,"href":"https:\/\/gia.org.br\/portal\/wp-json\/wp\/v2\/product\/2386\/revisions"}],"wp:featuredmedia":[{"embeddable":true,"href":"https:\/\/gia.org.br\/portal\/wp-json\/wp\/v2\/media\/2389"}],"wp:attachment":[{"href":"https:\/\/gia.org.br\/portal\/wp-json\/wp\/v2\/media?parent=2386"}],"wp:term":[{"taxonomy":"product_cat","embeddable":true,"href":"https:\/\/gia.org.br\/portal\/wp-json\/wp\/v2\/product_cat?post=2386"},{"taxonomy":"product_tag","embeddable":true,"href":"https:\/\/gia.org.br\/portal\/wp-json\/wp\/v2\/product_tag?post=2386"}],"curies":[{"name":"wp","href":"https:\/\/api.w.org\/{rel}","templated":true}]}}