{"id":2383,"date":"2017-12-21T16:12:24","date_gmt":"2017-12-21T18:12:24","guid":{"rendered":"https:\/\/gia.org.br\/portal\/?post_type=product&#038;p=2383"},"modified":"2024-08-08T18:05:19","modified_gmt":"2024-08-08T21:05:19","slug":"agua-no-setor-industrial-da-regiao-do-alto-iguacu-e-dos-afluentes-do-alto-ribeira-em-busca-de-alternativas-para-o-uso-mais-eficiente","status":"publish","type":"product","link":"https:\/\/gia.org.br\/portal\/produto\/agua-no-setor-industrial-da-regiao-do-alto-iguacu-e-dos-afluentes-do-alto-ribeira-em-busca-de-alternativas-para-o-uso-mais-eficiente\/","title":{"rendered":"\u00c1gua no setor industrial da regi\u00e3o do Alto Igua\u00e7u e dos afluentes do Alto Ribeira&#8230; (Vers\u00e3o Digital &#8211; PDF)"},"content":{"rendered":"<p>O documento \u201cA \u00e1gua no setor industrial da regi\u00e3o do Alto Igua\u00e7u e dos afluentes do Alto Ribeira: Em busca de alternativas para o uso mais eficiente\u201d \u00e9 uma iniciativa da FIEP, em parceria com a empresa Plankton Solu\u00e7\u00f5es em Meio Ambiente. O trabalho realizado teve dentre os seus prop\u00f3sitos apresentar a vis\u00e3o do setor industrial acerca de seu papel como agente da conserva\u00e7\u00e3o dos recursos h\u00eddricos na bacia do alto Igua\u00e7u e afluentes do Alto Ribeira.<\/p>\n<p>O ponto de partida para esse trabalho foi a cobran\u00e7a pelo uso da \u00e1gua, estabelecida pelo Comit\u00ea das Bacias do Alto Igua\u00e7u e Afluentes do Alto Ribeira e \u00e0 utiliza\u00e7\u00e3o dos recursos arrecadados a partir desta cobran\u00e7a. Os usu\u00e1rios industriais das \u00e1guas dessas bacias, na Regi\u00e3o Metropolitana de Curitiba, s\u00e3o os primeiros da regi\u00e3o Sul do Brasil a pagar pelo uso da \u00e1gua.<\/p>\n<p>Fica \u00f3bvio que, em um primeiro momento, o valor cobrado dos consumidores industriais \u00e9 apenas simb\u00f3lico (R$ 0,01\/m<sup>3<\/sup> para cada metro c\u00fabico captado de \u00e1guas superficiais; R$ 0,02 para cada metro c\u00fabico captado de \u00e1guas subterr\u00e2neas; R$ 0,10 para cada metro c\u00fabico consumido). Por\u00e9m, tamb\u00e9m n\u00e3o \u00e9 dif\u00edcil deduzir que muito em breve o pagamento pelo uso de \u00e1guas captadas (ou seja, \u00e1guas outras que n\u00e3o aquelas tratadas pela Sanepar) n\u00e3o apenas ser\u00e1 uma regra para todos os consumidores industriais, como o valor cobrado tender\u00e1 a aumentar significativamente.<\/p>\n<p>Mas, a quest\u00e3o da \u00e1gua vai muito al\u00e9m do valor cobrado por esse indispens\u00e1vel e limitado recurso natural, de alto valor ecol\u00f3gico e econ\u00f4mico. Basta observar o que tem acontecido na regi\u00e3o Sudeste, em que a longa estiagem e o d\u00e9ficit h\u00eddrico a ela associado, levaram ao aumento acentuado nos valores pagos pelo uso da \u00e1gua e, mesmo assim, isso n\u00e3o foi garantia de acesso \u00e0 \u00e1gua pelas ind\u00fastrias, gerando um quadro de grande inseguran\u00e7a e instabilidade.<\/p>\n<p>Por isso, a preocupa\u00e7\u00e3o da FIEP hoje com as quest\u00f5es ambientais \u00e9 algo concreto, manifesta n\u00e3o apenas no trabalho aqui apresentado, mas na pr\u00f3pria cria\u00e7\u00e3o de uma Ger\u00eancia de Meio Ambiente e Sustentabilidade, que dever\u00e1 atuar fortemente no planejamento e no suporte das a\u00e7\u00f5es ambientais da FIEP junto aos seus associados.<\/p>\n<p>\u00c9 muito importante que a sociedade paranaense saiba que hoje temas relacionados ao uso racional de recursos naturais, a \u00e1gua entre eles, \u00e9 uma preocupa\u00e7\u00e3o real da ind\u00fastria paranaense e brasileira.<\/p>\n<p>O trabalho aqui apresentado faz parte de um processo irrevers\u00edvel de enfrentamento dos problemas ambientais; de utiliza\u00e7\u00e3o racional dos recursos naturais; de responsabilidade quanto ao uso da \u00e1gua e \u00e0 conserva\u00e7\u00e3o das bacias hidrogr\u00e1ficas; de aplica\u00e7\u00e3o de tecnologias cada vez mais eficientes, voltadas \u00e0 produ\u00e7\u00e3o de produtos e sistemas compat\u00edveis com as demandas da sociedade. Um processo que n\u00e3o afeta ou envolve apenas a ind\u00fastria, mas a todos os cidad\u00e3os brasileiros. Um processo decisivo para que a palavra &#8220;sustentabilidade&#8221; tenha de fato algum sentido. Porque, se nada for feito, a conta, como sempre, ser\u00e1 cobrada de todos os brasileiros.<\/p>\n<p>&nbsp;<\/p>\n<p><strong>Edson Luiz Campagnolo<\/strong><\/p>\n<p>Presidente do Sistema FIEP<\/p>\n","protected":false},"excerpt":{"rendered":"<p>O documento \u201cA \u00e1gua no setor industrial da regi\u00e3o do Alto Igua\u00e7u e dos afluentes do Alto Ribeira: Em busca de alternativas para o uso mais eficiente\u201d \u00e9 uma iniciativa da FIEP, em parceria com a empresa Plankton Solu\u00e7\u00f5es em Meio Ambiente. O trabalho realizado teve dentre os seus prop\u00f3sitos apresentar a vis\u00e3o do setor [&hellip;]<\/p>\n","protected":false},"featured_media":2385,"comment_status":"open","ping_status":"closed","template":"","meta":[],"product_cat":[23],"product_tag":[104,105,60,58,106,101,102,82,107,108],"class_list":{"0":"post-2383","1":"product","2":"type-product","3":"status-publish","4":"has-post-thumbnail","6":"product_cat-livros-digitais","7":"product_tag-agua","8":"product_tag-agua-na-industria","9":"product_tag-antonio-ostrensky","10":"product_tag-debora-pestana-da-silva","11":"product_tag-desenvolvimento-sustentavel","12":"product_tag-gia","13":"product_tag-grupo-integrado-de-aquicultura-e-estudos-ambientais","14":"product_tag-jose-roberto-borghetti","15":"product_tag-recursos-hidricos","16":"product_tag-vitor-pestana-ostrensky","18":"first","19":"instock","20":"downloadable","21":"virtual","22":"purchasable","23":"product-type-simple"},"_links":{"self":[{"href":"https:\/\/gia.org.br\/portal\/wp-json\/wp\/v2\/product\/2383","targetHints":{"allow":["GET"]}}],"collection":[{"href":"https:\/\/gia.org.br\/portal\/wp-json\/wp\/v2\/product"}],"about":[{"href":"https:\/\/gia.org.br\/portal\/wp-json\/wp\/v2\/types\/product"}],"replies":[{"embeddable":true,"href":"https:\/\/gia.org.br\/portal\/wp-json\/wp\/v2\/comments?post=2383"}],"version-history":[{"count":0,"href":"https:\/\/gia.org.br\/portal\/wp-json\/wp\/v2\/product\/2383\/revisions"}],"wp:featuredmedia":[{"embeddable":true,"href":"https:\/\/gia.org.br\/portal\/wp-json\/wp\/v2\/media\/2385"}],"wp:attachment":[{"href":"https:\/\/gia.org.br\/portal\/wp-json\/wp\/v2\/media?parent=2383"}],"wp:term":[{"taxonomy":"product_cat","embeddable":true,"href":"https:\/\/gia.org.br\/portal\/wp-json\/wp\/v2\/product_cat?post=2383"},{"taxonomy":"product_tag","embeddable":true,"href":"https:\/\/gia.org.br\/portal\/wp-json\/wp\/v2\/product_tag?post=2383"}],"curies":[{"name":"wp","href":"https:\/\/api.w.org\/{rel}","templated":true}]}}