{"id":2377,"date":"2017-12-21T15:41:01","date_gmt":"2017-12-21T17:41:01","guid":{"rendered":"https:\/\/gia.org.br\/portal\/?post_type=product&#038;p=2377"},"modified":"2024-07-17T11:52:39","modified_gmt":"2024-07-17T14:52:39","slug":"aquicultura-uma-visao-geral-sobre-a-producao-de-organismos-aquaticos-no-brasil-e-no-mundo","status":"publish","type":"product","link":"https:\/\/gia.org.br\/portal\/produto\/aquicultura-uma-visao-geral-sobre-a-producao-de-organismos-aquaticos-no-brasil-e-no-mundo\/","title":{"rendered":"Aquicultura: Uma vis\u00e3o geral sobre a produ\u00e7\u00e3o de organismos aqu\u00e1ticos no Brasil&#8230; (Livro digital &#8211; PDF)"},"content":{"rendered":"<p>Neste livro, os autores procuram resgatar as informa\u00e7\u00f5es mais recentes dispon\u00edveis sobre a produ\u00e7\u00e3o de organismos aqu\u00e1ticos cultivados no Brasil e no mundo, identificam alguns dos principais problemas que afetam a aquicultura brasileira e sugerem a\u00e7\u00f5es concretas para o desenvolvimento ordenado da atividade. N\u00fameros e temas que tinham tudo para ser considerados complexos e enfadonhos foram transformados em um texto de f\u00e1cil leitura, ricamente ilustrado com gr\u00e1ficos e tabelas de f\u00e1cil compreens\u00e3o.<\/p>\n<p>O livro foi concebido de forma a se tornar uma fonte de consulta obrigat\u00f3ria para administradores p\u00fablicos, t\u00e9cnicos da \u00e1rea de aquicultura, potenciais investidores, estudantes das mais diversas \u00e1reas e para todos aqueles que se interessam pela aquicultura.<\/p>\n","protected":false},"excerpt":{"rendered":"<p>Neste livro, os autores procuram resgatar as informa\u00e7\u00f5es mais recentes dispon\u00edveis sobre a produ\u00e7\u00e3o de organismos aqu\u00e1ticos cultivados no Brasil e no mundo, identificam alguns dos principais problemas que afetam a aquicultura brasileira e sugerem a\u00e7\u00f5es concretas para o desenvolvimento ordenado da atividade. N\u00fameros e temas que tinham tudo para ser considerados complexos e enfadonhos [&hellip;]<\/p>\n","protected":false},"featured_media":2381,"comment_status":"open","ping_status":"closed","template":"","meta":[],"product_cat":[23],"product_tag":[60,69,101,102,82,103],"class_list":{"0":"post-2377","1":"product","2":"type-product","3":"status-publish","4":"has-post-thumbnail","6":"product_cat-livros-digitais","7":"product_tag-antonio-ostrensky","8":"product_tag-aquicultura","9":"product_tag-gia","10":"product_tag-grupo-integrado-de-aquicultura-e-estudos-ambientais","11":"product_tag-jose-roberto-borghetti","12":"product_tag-nadia-borghetti","14":"first","15":"instock","16":"downloadable","17":"virtual","18":"purchasable","19":"product-type-simple"},"_links":{"self":[{"href":"https:\/\/gia.org.br\/portal\/wp-json\/wp\/v2\/product\/2377","targetHints":{"allow":["GET"]}}],"collection":[{"href":"https:\/\/gia.org.br\/portal\/wp-json\/wp\/v2\/product"}],"about":[{"href":"https:\/\/gia.org.br\/portal\/wp-json\/wp\/v2\/types\/product"}],"replies":[{"embeddable":true,"href":"https:\/\/gia.org.br\/portal\/wp-json\/wp\/v2\/comments?post=2377"}],"version-history":[{"count":0,"href":"https:\/\/gia.org.br\/portal\/wp-json\/wp\/v2\/product\/2377\/revisions"}],"wp:featuredmedia":[{"embeddable":true,"href":"https:\/\/gia.org.br\/portal\/wp-json\/wp\/v2\/media\/2381"}],"wp:attachment":[{"href":"https:\/\/gia.org.br\/portal\/wp-json\/wp\/v2\/media?parent=2377"}],"wp:term":[{"taxonomy":"product_cat","embeddable":true,"href":"https:\/\/gia.org.br\/portal\/wp-json\/wp\/v2\/product_cat?post=2377"},{"taxonomy":"product_tag","embeddable":true,"href":"https:\/\/gia.org.br\/portal\/wp-json\/wp\/v2\/product_tag?post=2377"}],"curies":[{"name":"wp","href":"https:\/\/api.w.org\/{rel}","templated":true}]}}