{"id":2375,"date":"2017-12-21T15:19:46","date_gmt":"2017-12-21T17:19:46","guid":{"rendered":"https:\/\/gia.org.br\/portal\/?post_type=product&#038;p=2375"},"modified":"2023-06-05T20:53:41","modified_gmt":"2023-06-05T23:53:41","slug":"atlas","status":"publish","type":"product","link":"https:\/\/gia.org.br\/portal\/produto\/atlas\/","title":{"rendered":"Atlas Anat\u00f4mico e Histol\u00f3gico do Caranguejo-u\u00e7\u00e1 (Livro Impresso)"},"content":{"rendered":"<p>O Ucides cordatus conhecido popularmente por\u00a0caranguejo-u\u00e7\u00e1 se insere na posi\u00e7\u00e3o sistem\u00e1tica descrita\u00a0a seguir: Filo \u2013 Arthropoda Classe- Crustacea\u00a0Ordem- Decapoda Infraordem- Brachyura Fam\u00edlia-\u00a0Ocypodidae G\u00eanero- Ucides Esp\u00e9cie- Ucides cordatus.<\/p>\n<p>\u00c9 um animal end\u00eamico da costa atl\u00e2ntica do continente\u00a0americano, sendo encontrado desde\u00a0o estado da Fl\u00f3rida (EUA) ao litoral de Santa Catarina\u00a0(BR). Habita regi\u00f5es influenciadas pelas mar\u00e9s,\u00a0em substratos moles (lama), caracter\u00edsticos de ecossistemas de manguezais. Nestes locais ele constr\u00f3i\u00a0tocas que chegam a ter at\u00e9 dois metros de profundidade.<\/p>\n<p>Considerado um dos componentes biol\u00f3gicos\u00a0mais importantes dos manguezais, o caranguejo-u\u00e7\u00e1\u00a0contribui com a degrada\u00e7\u00e3o de mat\u00e9ria org\u00e2nica.\u00a0Este processo de degrada\u00e7\u00e3o est\u00e1 relacionado ao\u00a0seu h\u00e1bito alimentar, que inclui detritos de origem\u00a0vegetal. No Brasil, o caranguejo-u\u00e7\u00e1 possui grande\u00a0import\u00e2ncia econ\u00f4mica para popula\u00e7\u00f5es de baixo\u00a0poder aquisitivo, que dependem de sua captura como\u00a0fonte de renda e alimento. Como resultado do intenso\u00a0extrativismo, da degrada\u00e7\u00e3o dos manguezais e do\u00a0surgimento de novas doen\u00e7as que afetam o caranguejo-u\u00e7\u00e1, tem-se observado uma redu\u00e7\u00e3o dos estoques\u00a0pesqueiros (quantidade de caranguejo-u\u00e7\u00e1 dispon\u00edvel\u00a0para captura) no litoral brasileiro.<\/p>\n<p>Neste Atlas s\u00e3o apresentadas as principais estruturas anat\u00f4micas, morfol\u00f3gicas e histol\u00f3gicas desse importante recurso pesqueiro do litoral brasileiro.<\/p>\n<p>Enviamos para todo o Brasil.<\/p>\n","protected":false},"excerpt":{"rendered":"<p>O Ucides cordatus conhecido popularmente por\u00a0caranguejo-u\u00e7\u00e1 se insere na posi\u00e7\u00e3o sistem\u00e1tica descrita\u00a0a seguir: Filo \u2013 Arthropoda Classe- Crustacea\u00a0Ordem- Decapoda Infraordem- Brachyura Fam\u00edlia-\u00a0Ocypodidae G\u00eanero- Ucides Esp\u00e9cie- Ucides cordatus. \u00c9 um animal end\u00eamico da costa atl\u00e2ntica do continente\u00a0americano, sendo encontrado desde\u00a0o estado da Fl\u00f3rida (EUA) ao litoral de Santa Catarina\u00a0(BR). Habita regi\u00f5es influenciadas pelas mar\u00e9s,\u00a0em substratos moles [&hellip;]<\/p>\n","protected":false},"featured_media":2363,"comment_status":"open","ping_status":"closed","template":"","meta":[],"product_cat":[23],"product_tag":[],"class_list":{"0":"post-2375","1":"product","2":"type-product","3":"status-publish","4":"has-post-thumbnail","6":"product_cat-livros-digitais","8":"first","9":"instock","10":"sale","11":"featured","12":"shipping-taxable","13":"purchasable","14":"product-type-simple"},"_links":{"self":[{"href":"https:\/\/gia.org.br\/portal\/wp-json\/wp\/v2\/product\/2375","targetHints":{"allow":["GET"]}}],"collection":[{"href":"https:\/\/gia.org.br\/portal\/wp-json\/wp\/v2\/product"}],"about":[{"href":"https:\/\/gia.org.br\/portal\/wp-json\/wp\/v2\/types\/product"}],"replies":[{"embeddable":true,"href":"https:\/\/gia.org.br\/portal\/wp-json\/wp\/v2\/comments?post=2375"}],"version-history":[{"count":0,"href":"https:\/\/gia.org.br\/portal\/wp-json\/wp\/v2\/product\/2375\/revisions"}],"wp:featuredmedia":[{"embeddable":true,"href":"https:\/\/gia.org.br\/portal\/wp-json\/wp\/v2\/media\/2363"}],"wp:attachment":[{"href":"https:\/\/gia.org.br\/portal\/wp-json\/wp\/v2\/media?parent=2375"}],"wp:term":[{"taxonomy":"product_cat","embeddable":true,"href":"https:\/\/gia.org.br\/portal\/wp-json\/wp\/v2\/product_cat?post=2375"},{"taxonomy":"product_tag","embeddable":true,"href":"https:\/\/gia.org.br\/portal\/wp-json\/wp\/v2\/product_tag?post=2375"}],"curies":[{"name":"wp","href":"https:\/\/api.w.org\/{rel}","templated":true}]}}