{"id":2308,"date":"2017-12-20T11:28:10","date_gmt":"2017-12-20T13:28:10","guid":{"rendered":"https:\/\/gia.org.br\/portal\/?post_type=product&#038;p=2308"},"modified":"2023-06-05T20:47:42","modified_gmt":"2023-06-05T23:47:42","slug":"camaroes-marinhos-engorda-livro-impresso","status":"publish","type":"product","link":"https:\/\/gia.org.br\/portal\/produto\/camaroes-marinhos-engorda-livro-impresso\/","title":{"rendered":"Camar\u00f5es Marinhos &#8211; Engorda: Roberto Carlos Barbieri Jr. &#038; Antonio Ostrensky (Livro Impresso)"},"content":{"rendered":"<p>A evolu\u00e7\u00e3o da carcinicultura (nome dado ao cultivo de camar\u00f5es marinhos) tem se dados a passos muito largos no Brasil, em um processo din\u00e2mico e r\u00e1pido. Em poucos anos, a atividade se popularizou, deixando de ser um neg\u00f3cio apenas para grandes investidores e se tornando atrativa tamb\u00e9m para pequenos produtores.Neste livro, o leitor vai encontrar conceitos, orienta\u00e7\u00f5es e dicas sobre todo o processo de engorda de camar\u00f5es marinhos, desde a fase de prepara\u00e7\u00e3o dos viveiros, passando pela aquisi\u00e7\u00e3o de larvas, pelas diferentes etapas do cultivo e pelos cuidados que devem ser tomados na despesca dos viveiros e na conserva\u00e7\u00e3o dos camar\u00f5es, antes da sua chegada ao mercado consumidor. Mas, al\u00e9m disso, o livro discute temas como: mercado e pre\u00e7os internacionais de camar\u00e3o, a biologia do camar\u00e3o, ecologia de viveiros, carcinicultura e meio ambiente, enfermidades e biosseguran\u00e7a.Com isso, o livro se torna uma refer\u00eancia obrigat\u00f3ria para estudantes, t\u00e9cnicos, produtores e para todos que se interessem em conhecer um pouco mais sobre o processo produtivo de camar\u00f5es marinhos.<\/p>\n<p>&nbsp;<\/p>\n<p>1. A PRODU\u00c7\u00c3O E O MERCADO MUNDIAL DE CAMAR\u00d5ES MARINHOS<br \/>\n1.1. Produ\u00e7\u00e3o<br \/>\n1.2. Mercado<br \/>\n2. A CARCINICULTURA MARINHA NO BRASIL<br \/>\n2.1. Hist\u00f3rico<br \/>\n2.2. Produ\u00e7\u00e3o<br \/>\n3. ASPECTOS BIOL\u00d3GICOS<br \/>\n3.1. Litopenaeus vannamei<br \/>\n3.2. Morfologia<br \/>\n3.3. Aparelho digest\u00f3rio<br \/>\n3.4. Sistema nervoso<br \/>\n3.5. Sistema circulat\u00f3rio<br \/>\n3.6. Sistema excretor<br \/>\n3.7. Regula\u00e7\u00e3o osm\u00f3tica<br \/>\n3.8. Muda e crescimento<br \/>\n4. BASES TE\u00d3RICAS PARA O MANEJO DO SOLO E DA \u00c1GUA NOS CULTIVOS DE CAMAR\u00d5ES MARINHOS<br \/>\n4.1. Solos<br \/>\n4.2. A Mineraliza\u00e7\u00e3o da mat\u00e9ria org\u00e2nica<br \/>\n4.3. Processos biol\u00f3gicos em viveiros<br \/>\n4.4. O papel do oxig\u00eanio no processo de oxida\u00e7\u00e3o da mat\u00e9ria org\u00e2nica residual<br \/>\n4.5. Desinfec\u00e7\u00e3o de viveiros<br \/>\n4.6. Corre\u00e7\u00e3o do solo<br \/>\n4.7. Fertiliza\u00e7\u00e3o<br \/>\n4.8. Qualidade da \u00e1gua<br \/>\n5. T\u00c9CNICAS PARA PREPARA\u00c7\u00c3O DOS VIVEIROS<br \/>\n5.1. Esvaziamento do viveiro e\u00a0 oxida\u00e7\u00e3o da mat\u00e9ria org\u00e2nica residual<br \/>\n5.2. Desinfec\u00e7\u00e3o<br \/>\n5.3. Elimina\u00e7\u00e3o de macr\u00f3fitas dos viveiros<br \/>\n5.4. An\u00e1lise de solo<br \/>\n5.5. Uso de substratos verticais nos viveiros<br \/>\n5.6. Enchimento dos viveiros<br \/>\n5.7. Fertiliza\u00e7\u00e3o inicial<br \/>\n6. TRANSPORTE E ACLIMATA\u00c7\u00c3O DAS P\u00d3S-LARVAS<br \/>\n6.1. Avalia\u00e7\u00e3o da qualidade das p\u00f3s-larvas<br \/>\n6.2. Transporte<br \/>\n6.3. Aclimata\u00e7\u00e3o<br \/>\n7. POVOAMENTO<br \/>\n7.1. Viveiros-ber\u00e7\u00e1rios<br \/>\n7.2. Pr\u00e9-Ber\u00e7\u00e1rio (Ber\u00e7\u00e1rios Intensivos)<br \/>\n7.3. Povoamento direto<br \/>\n7.4. Densidades de povoamento<br \/>\n7.5. Avalia\u00e7\u00e3o das taxas iniciais de sobreviv\u00eancia<br \/>\n7.6. \u00cdndices zoot\u00e9cnicos<br \/>\n8. O MANEJO DOS VIVEIROS DURANTE A\u00a0 FASE DE ENGORDA<br \/>\n8.1. Qualidade da \u00e1gua<br \/>\n8.2. Renova\u00e7\u00e3o da \u00e1gua<br \/>\n8.3. Fertiliza\u00e7\u00e3o de manuten\u00e7\u00e3o<br \/>\n8.4. O uso de calc\u00e1rio e de cal em viveiros<br \/>\n8.5. Manuten\u00e7\u00e3o dos viveiros<br \/>\n8.6. Biometrias<br \/>\n8.7. Coleta de organismos bent\u00f4nicos<br \/>\n8.8. Sinais de problemas no cultivo<br \/>\n9. NUTRI\u00c7\u00c3O E ALIMENTA\u00c7\u00c3O<br \/>\n9.1. Nutri\u00e7\u00e3o<br \/>\n9.2. Biologia alimentar dos camar\u00f5es<br \/>\n9.3. Alimenta\u00e7\u00e3o<br \/>\n9.4. Arra\u00e7oamento<br \/>\n9.5. Taxa de convers\u00e3o alimentar<br \/>\n9.6. Arra\u00e7oamento e muda<br \/>\n9.7. Armazenamento da ra\u00e7\u00e3o<br \/>\n9.8. Arra\u00e7oamento e polui\u00e7\u00e3o ambiental<br \/>\n10. ENFERMIDADES<br \/>\n10.1. T\u00f3picos sobre o ambiente<br \/>\n10.2. Toxicologia de pesticidas<br \/>\n10.4. Enfermidades que acometem camar\u00f5es<br \/>\n10.5. Bact\u00e9rias<br \/>\n10.6. V\u00edrus<br \/>\n10.7. Reflex\u00f5es sobre as viroses<br \/>\n10.8. Biosseguran\u00e7a<br \/>\n11. DESPESCA E P\u00d3S-COLHEITA<br \/>\n11.1. Procedimentos preliminares<br \/>\n11.2. O comportamento do camar\u00e3o na despesca<br \/>\n11.3. A Despesca<br \/>\n11.4. Despesca mec\u00e2nica<br \/>\n11.5. P\u00f3s-colheita<br \/>\n11.6. O Processo de decomposi\u00e7\u00e3o dos camar\u00f5es<br \/>\n11.7. Considera\u00e7\u00f5es importantes na despesca e na comercializa\u00e7\u00e3o<br \/>\n12. CULTIVOS EMERGENTES<br \/>\n12.1. Cultivo de camar\u00f5es em tanques-rede<br \/>\n12.2. Cultivo de camar\u00f5es marinhos em \u00e1gua-doce<br \/>\n13. CARCINICULTURA E MEIO AMBIENTE<br \/>\n13.1. A\u00e7\u00f5es que podem minimizar os impactos ambientais negativos<br \/>\nREFER\u00caNCIAS BIBLIOGR\u00c1FICAS<br \/>\nANEXOS &#8211;\u00a0 Modelos de planilhas de controle da fazenda<\/p>\n<p>&nbsp;<\/p>\n<p><strong>Autor:\u00a0<\/strong>Roberto Carlos Barbieri J\u00fanior, Bi\u00f3logo Marinho e Antonio Ostrensk Neto, Ocean\u00f3logo, Doutor em carcinicultura marinha.<br \/>\n<strong>Editora:\u00a0<\/strong>Aprenda F\u00e1cil Editora<br \/>\n<strong>ISBN:\u00a0<\/strong>85-88216-16-7<br \/>\n<strong>Impress\u00e3o:\u00a0<\/strong>Capa colorida com orelha, esquemas e fotos coloridas e em preto e branco.<br \/>\n<strong>N\u00famero de P\u00e1ginas:\u00a0<\/strong>372<\/p>\n","protected":false},"excerpt":{"rendered":"<p>A evolu\u00e7\u00e3o da carcinicultura (nome dado ao cultivo de camar\u00f5es marinhos) tem se dados a passos muito largos no Brasil, em um processo din\u00e2mico e r\u00e1pido. Em poucos anos, a atividade se popularizou, deixando de ser um neg\u00f3cio apenas para grandes investidores e se tornando atrativa tamb\u00e9m para pequenos produtores.Neste livro, o leitor vai encontrar [&hellip;]<\/p>\n","protected":false},"featured_media":2307,"comment_status":"open","ping_status":"closed","template":"","meta":[],"product_cat":[23],"product_tag":[60,69,66,68,90],"class_list":{"0":"post-2308","1":"product","2":"type-product","3":"status-publish","4":"has-post-thumbnail","6":"product_cat-livros-digitais","7":"product_tag-antonio-ostrensky","8":"product_tag-aquicultura","9":"product_tag-carcinicultura","10":"product_tag-cultivo-de-camaroes","11":"product_tag-roberto-carlos-barbieri-junior","13":"first","14":"instock","15":"shipping-taxable","16":"product-type-external"},"_links":{"self":[{"href":"https:\/\/gia.org.br\/portal\/wp-json\/wp\/v2\/product\/2308","targetHints":{"allow":["GET"]}}],"collection":[{"href":"https:\/\/gia.org.br\/portal\/wp-json\/wp\/v2\/product"}],"about":[{"href":"https:\/\/gia.org.br\/portal\/wp-json\/wp\/v2\/types\/product"}],"replies":[{"embeddable":true,"href":"https:\/\/gia.org.br\/portal\/wp-json\/wp\/v2\/comments?post=2308"}],"version-history":[{"count":0,"href":"https:\/\/gia.org.br\/portal\/wp-json\/wp\/v2\/product\/2308\/revisions"}],"wp:featuredmedia":[{"embeddable":true,"href":"https:\/\/gia.org.br\/portal\/wp-json\/wp\/v2\/media\/2307"}],"wp:attachment":[{"href":"https:\/\/gia.org.br\/portal\/wp-json\/wp\/v2\/media?parent=2308"}],"wp:term":[{"taxonomy":"product_cat","embeddable":true,"href":"https:\/\/gia.org.br\/portal\/wp-json\/wp\/v2\/product_cat?post=2308"},{"taxonomy":"product_tag","embeddable":true,"href":"https:\/\/gia.org.br\/portal\/wp-json\/wp\/v2\/product_tag?post=2308"}],"curies":[{"name":"wp","href":"https:\/\/api.w.org\/{rel}","templated":true}]}}