{"id":2299,"date":"2017-12-20T10:58:03","date_gmt":"2017-12-20T12:58:03","guid":{"rendered":"https:\/\/gia.org.br\/portal\/?post_type=product&#038;p=2299"},"modified":"2023-06-05T20:48:08","modified_gmt":"2023-06-05T23:48:08","slug":"2299","status":"publish","type":"product","link":"https:\/\/gia.org.br\/portal\/produto\/2299\/","title":{"rendered":"Aquicultura no Brasil: o desafio \u00e9 crescer (Livro Digital -PDF)"},"content":{"rendered":"<p>Orquestrar o desenvolvimento sustent\u00e1vel da aquicultura brasileira para conciliar a preserva\u00e7\u00e3o ambiental com a\u00a0efetiva reparti\u00e7\u00e3o dos benef\u00edcios sociais e econ\u00f4micos por ela gerados constitui a mais importante tarefa para os que\u00a0integram o setor aqu\u00edcola nacional. Ou seja, promover o desenvolvimento sustent\u00e1vel da aquicultura no Brasil.<\/p>\n<p>Por certo, converter o imenso potencial nacional \u2013 tantas vezes propalado em decorr\u00eancia da dimens\u00e3o continental\u00a0do pa\u00eds, da sua incompar\u00e1vel disponibilidade h\u00eddrica e de sua imbat\u00edvel diversidade de esp\u00e9cies de peixes\u00a0 cultiv\u00e1veis \u2013 em\u00a0reais vantagens competitivas, n\u00e3o se far\u00e1 poss\u00edvel sem informa\u00e7\u00f5es estruturais e planejamento estrat\u00e9gico. Ciente disso, o\u00a0governo federal, por meio da Secretaria especial de Aquicultura e Pesca da Presid\u00eancia da Rep\u00fablica, solicitou a elabora\u00e7\u00e3o\u00a0de um estudo setorial da aquicultura brasileira, que est\u00e1 inserido no conv\u00eanio de Fortalecimento Institucional firmado\u00a0com a FAO\/ONU (Organiza\u00e7\u00e3o das Na\u00e7\u00f5es Unidas para Agricultura e Alimenta\u00e7\u00e3o).<\/p>\n<p>O estudo executado pelo Grupo Integrado de Aquicultura e Estudos Ambientais (GIA) deu origem ao livro\u00a0AQUICULTURA NO BRASIL: O DESAFIO \u00c9 CRESCER. Esse volume traz uma diversidade de temas abordados que\u00a0 envolvem desde a avalia\u00e7\u00e3o da produ\u00e7\u00e3o nacional no contexto mundial, passa pelo papel do governo, alcan\u00e7a min\u00facias\u00a0dos problemas enfrentados para o desenvolvimento do setor e por fim esmi\u00fa\u00e7a gargalos dos v\u00e1rios elos da\u00a0 cadeia\u00a0produtiva. \u00c9 um instrumento estrat\u00e9gico para os que buscam conhecer a nossa aquicultura em detalhes.<\/p>\n<p>O texto, ricamente ilustrado, contribui para auxiliar gestores e formadores de opini\u00e3o na condu\u00e7\u00e3o dessa\u00a0transforma\u00e7\u00e3o que se irradia nas \u00e1guas brasileiras. Sem d\u00favida, este trabalho d\u00e1 contornos de um setor demandante de\u00a0a\u00e7\u00f5es que contribuam para a forma\u00e7\u00e3o de um ambiente de investimentos favor\u00e1vel, mas, tamb\u00e9m, retrata uma atividade\u00a0pujante e dotada da subst\u00e2ncia necess\u00e1ria para tornar-se uma das mais importantes entre as que comp\u00f5em o setor\u00a0prim\u00e1rio da economia nacional, com impactos na gera\u00e7\u00e3o de alimento, emprego, renda e divisas.<\/p>\n<p>Os desafios aqui apresentados est\u00e3o no horizonte do governo brasileiro. Queremos juntos, governo e sociedade,\u00a0compartilhar as tarefas necess\u00e1rias para que a aquicultura brasileira seja um fator de desenvolvimento\u00a0 sustent\u00e1vel e de\u00a0soberania alimentar da na\u00e7\u00e3o.<\/p>\n<p>&nbsp;<\/p>\n<p>Ficha Catalogr\u00e1fica<\/p>\n<p>Aq\u00fcicultura no Brasil: o desafio \u00e9 crescer \/ editores : Antonio Ostrensky,\u00a0Jos\u00e9 Roberto Borghetti e Doris Soto. \u2013 Bras\u00edlia, 2008.\u00a0276 p. : il.<br \/>\nISBN: 978-85-60930-00-5<\/p>\n<p>Inclui bibliografia<br \/>\n1. Aq\u00fcicultura &#8211; Brasil 2. Aq\u00fcicultura sustent\u00e1vel. 3. Produ\u00e7\u00e3o aq\u00fc\u00edcola.<br \/>\nI. T\u00edtulo. II. Ostrensky, Antonio. III. Borghetti, Jos\u00e9 Roberto. IV. Soto, Doris<br \/>\nCDD 639.80981<br \/>\nCDU 639.3\/.6(81)<\/p>\n<p>&nbsp;<\/p>\n","protected":false},"excerpt":{"rendered":"<p>Orquestrar o desenvolvimento sustent\u00e1vel da aquicultura brasileira para conciliar a preserva\u00e7\u00e3o ambiental com a\u00a0efetiva reparti\u00e7\u00e3o dos benef\u00edcios sociais e econ\u00f4micos por ela gerados constitui a mais importante tarefa para os que\u00a0integram o setor aqu\u00edcola nacional. Ou seja, promover o desenvolvimento sustent\u00e1vel da aquicultura no Brasil. Por certo, converter o imenso potencial nacional \u2013 tantas vezes [&hellip;]<\/p>\n","protected":false},"featured_media":2303,"comment_status":"open","ping_status":"closed","template":"","meta":[],"product_cat":[23],"product_tag":[60,69,84,83,54,82,85,86,87,88,89],"class_list":{"0":"post-2299","1":"product","2":"type-product","3":"status-publish","4":"has-post-thumbnail","6":"product_cat-livros-digitais","7":"product_tag-antonio-ostrensky","8":"product_tag-aquicultura","9":"product_tag-debora-pestana","10":"product_tag-doris-soto","11":"product_tag-gisela-geraldine-castilho-westphal","12":"product_tag-jose-roberto-borghetti","13":"product_tag-leandro-angelo-pereira","14":"product_tag-marcelo-chammas","15":"product_tag-marcio-roberto-pie","16":"product_tag-ubirata-assis-teixeira-da-silva","17":"product_tag-walter-antonio-boeger","19":"first","20":"instock","21":"downloadable","22":"virtual","23":"purchasable","24":"product-type-simple"},"_links":{"self":[{"href":"https:\/\/gia.org.br\/portal\/wp-json\/wp\/v2\/product\/2299","targetHints":{"allow":["GET"]}}],"collection":[{"href":"https:\/\/gia.org.br\/portal\/wp-json\/wp\/v2\/product"}],"about":[{"href":"https:\/\/gia.org.br\/portal\/wp-json\/wp\/v2\/types\/product"}],"replies":[{"embeddable":true,"href":"https:\/\/gia.org.br\/portal\/wp-json\/wp\/v2\/comments?post=2299"}],"version-history":[{"count":0,"href":"https:\/\/gia.org.br\/portal\/wp-json\/wp\/v2\/product\/2299\/revisions"}],"wp:featuredmedia":[{"embeddable":true,"href":"https:\/\/gia.org.br\/portal\/wp-json\/wp\/v2\/media\/2303"}],"wp:attachment":[{"href":"https:\/\/gia.org.br\/portal\/wp-json\/wp\/v2\/media?parent=2299"}],"wp:term":[{"taxonomy":"product_cat","embeddable":true,"href":"https:\/\/gia.org.br\/portal\/wp-json\/wp\/v2\/product_cat?post=2299"},{"taxonomy":"product_tag","embeddable":true,"href":"https:\/\/gia.org.br\/portal\/wp-json\/wp\/v2\/product_tag?post=2299"}],"curies":[{"name":"wp","href":"https:\/\/api.w.org\/{rel}","templated":true}]}}