{"id":2293,"date":"2017-12-20T10:11:21","date_gmt":"2017-12-20T12:11:21","guid":{"rendered":"https:\/\/gia.org.br\/portal\/?post_type=product&#038;p=2293"},"modified":"2023-06-05T20:51:51","modified_gmt":"2023-06-05T23:51:51","slug":"piscicultura-fundamentos-e-tecnicas-de-manejo","status":"publish","type":"product","link":"https:\/\/gia.org.br\/portal\/produto\/piscicultura-fundamentos-e-tecnicas-de-manejo\/","title":{"rendered":"Piscicultura &#8211; Fundamentos e T\u00e9cnicas de Manejo (Livro Digital &#8211; PDF)"},"content":{"rendered":"<p>O que se pretende mostrar nesse livro s\u00e3o alguns dos principais aspectos\u00a0t\u00e9cnicos envolvidos na produ\u00e7\u00e3o de peixes em cativeiro. Espera-se\u00a0poder desmistificar a ideia da receita de bolo e mostrar que o sucesso na produ\u00e7\u00e3o de peixes surge, na verdade, de uma combina\u00e7\u00e3o de conhecimentos\u00a0te\u00f3ricos e pr\u00e1ticos, da aplica\u00e7\u00e3o correta de t\u00e9cnicas e de uma imensa\u00a0carga de trabalho e de dedica\u00e7\u00e3o.<\/p>\n<p>&nbsp;<\/p>\n<p>Ficha Catalogr\u00e1fica:<\/p>\n<p>Ostrensky, Antonio<br \/>\nPiscicultura : fundamentos e t\u00e9cnicas de manejo \/\u00a0Antonio Ostrensky, Walter Boeger. &#8211; &#8211; Gua\u00edba :\u00a0Agropecu\u00e1ria, 1998.\u00a0211 p.<br \/>\nISBN 85-85347-27-9<br \/>\n1. Piscicultura. I. Walter Boeger. 11.t. CDU639.3<\/p>\n","protected":false},"excerpt":{"rendered":"<p>O que se pretende mostrar nesse livro s\u00e3o alguns dos principais aspectos\u00a0t\u00e9cnicos envolvidos na produ\u00e7\u00e3o de peixes em cativeiro. Espera-se\u00a0poder desmistificar a ideia da receita de bolo e mostrar que o sucesso na produ\u00e7\u00e3o de peixes surge, na verdade, de uma combina\u00e7\u00e3o de conhecimentos\u00a0te\u00f3ricos e pr\u00e1ticos, da aplica\u00e7\u00e3o correta de t\u00e9cnicas e de uma imensa\u00a0carga [&hellip;]<\/p>\n","protected":false},"featured_media":2294,"comment_status":"open","ping_status":"closed","template":"","meta":[],"product_cat":[23],"product_tag":[60,69,81,80,79],"class_list":{"0":"post-2293","1":"product","2":"type-product","3":"status-publish","4":"has-post-thumbnail","6":"product_cat-livros-digitais","7":"product_tag-antonio-ostrensky","8":"product_tag-aquicultura","9":"product_tag-manejo-na-piscicultura","10":"product_tag-piscicultura","11":"product_tag-walter-boeger","13":"first","14":"instock","15":"downloadable","16":"virtual","17":"purchasable","18":"product-type-simple"},"_links":{"self":[{"href":"https:\/\/gia.org.br\/portal\/wp-json\/wp\/v2\/product\/2293","targetHints":{"allow":["GET"]}}],"collection":[{"href":"https:\/\/gia.org.br\/portal\/wp-json\/wp\/v2\/product"}],"about":[{"href":"https:\/\/gia.org.br\/portal\/wp-json\/wp\/v2\/types\/product"}],"replies":[{"embeddable":true,"href":"https:\/\/gia.org.br\/portal\/wp-json\/wp\/v2\/comments?post=2293"}],"version-history":[{"count":0,"href":"https:\/\/gia.org.br\/portal\/wp-json\/wp\/v2\/product\/2293\/revisions"}],"wp:featuredmedia":[{"embeddable":true,"href":"https:\/\/gia.org.br\/portal\/wp-json\/wp\/v2\/media\/2294"}],"wp:attachment":[{"href":"https:\/\/gia.org.br\/portal\/wp-json\/wp\/v2\/media?parent=2293"}],"wp:term":[{"taxonomy":"product_cat","embeddable":true,"href":"https:\/\/gia.org.br\/portal\/wp-json\/wp\/v2\/product_cat?post=2293"},{"taxonomy":"product_tag","embeddable":true,"href":"https:\/\/gia.org.br\/portal\/wp-json\/wp\/v2\/product_tag?post=2293"}],"curies":[{"name":"wp","href":"https:\/\/api.w.org\/{rel}","templated":true}]}}