{"id":2282,"date":"2017-12-20T09:36:36","date_gmt":"2017-12-20T11:36:36","guid":{"rendered":"https:\/\/gia.org.br\/portal\/?post_type=product&#038;p=2282"},"modified":"2026-03-25T15:48:36","modified_gmt":"2026-03-25T18:48:36","slug":"2282","status":"publish","type":"product","link":"https:\/\/gia.org.br\/portal\/produto\/2282\/","title":{"rendered":"Rastreabilidade na ostreicultura: conceitos, fundamentos e casos&#8230; (livro digital &#8211; PDF)"},"content":{"rendered":"<p>Este documento, desenvolvido atrav\u00e9s de uma\u00a0 parceria entre o SEBRAE, a Plankton Solu\u00e7\u00f5es\u00a0em Meio Ambiente e o Grupo Integrado de\u00a0Aquicultura e Estudos Ambientais, da Universidade\u00a0Federal do Paran\u00e1, \u00e9 destinado a gestores\u00a0p\u00fablicos, agentes de extens\u00e3o e capacita\u00e7\u00e3o\u00a0t\u00e9cnica e aos representantes do setor privado.<\/p>\n<p>Ele tem como prop\u00f3sito avaliar os princ\u00edpios\u00a0envolvidos e propor formas de se estabelecer\u00a0um sistema de rastreabilidade que possa efetivamente\u00a0ser implementado na ostreicultura\u00a0com esp\u00e9cies nativas praticadas na regi\u00e3o Nordeste\u00a0do Brasil.<\/p>\n<p>Esse sistema, por sua vez, dever\u00e1, a partir das\u00a0bases t\u00e9cnicas e operacionais aqui apresentadas,\u00a0ser constru\u00eddo com a participa\u00e7\u00e3o e a contribui\u00e7\u00e3o\u00a0direta de todos os atores envolvidos\u00a0na cadeia de produ\u00e7\u00e3o e distribui\u00e7\u00e3o de\u00a0 ostras\u00a0cultivadas, permitindo a r\u00e1pida identifica\u00e7\u00e3o\u00a0de problemas e possibilitando sua solu\u00e7\u00e3o e,\u00a0principalmente, garantindo aos consumidores\u00a0ostras de qualidade.<\/p>\n<p>&nbsp;<\/p>\n<p>Ficha Catalogr\u00e1fica<\/p>\n<p>Silva, D\u00e9bora Pestana da.<br \/>\nRastreabilidade na ostreicultura: conceitos, fundamentos e casos de\u00a0sucesso. \/ D\u00e9bora Pestana da Silva (et. al.) \u2013 Bras\u00edlia: Sebrae, 2015.\u00a0239 p. il.<br \/>\nEsta obra faz parte das a\u00e7\u00f5es do Projeto AQUINordeste.\u00a0ISBN 978-85-7333-704-4<\/p>\n<p>1.Ostreicultura 2. Seguran\u00e7a alimentar 3. Rastreabilidade 4. Regi\u00e3o\u00a0Nordeste I. Sebrae II. Ostrensky, Antonio III. Castilho-Westphal, Gisela Geraldine\u00a0IV. Girotto, Marcus Vinicius Fier V. Souza, Marina Lima de. VI. T\u00edtulo<br \/>\nCDU \u2013 639.4<\/p>\n","protected":false},"excerpt":{"rendered":"<p>Este documento, desenvolvido atrav\u00e9s de uma\u00a0 parceria entre o SEBRAE, a Plankton Solu\u00e7\u00f5es\u00a0em Meio Ambiente e o Grupo Integrado de\u00a0Aquicultura e Estudos Ambientais, da Universidade\u00a0Federal do Paran\u00e1, \u00e9 destinado a gestores\u00a0p\u00fablicos, agentes de extens\u00e3o e capacita\u00e7\u00e3o\u00a0t\u00e9cnica e aos representantes do setor privado. Ele tem como prop\u00f3sito avaliar os princ\u00edpios\u00a0envolvidos e propor formas de se estabelecer\u00a0um [&hellip;]<\/p>\n","protected":false},"featured_media":2283,"comment_status":"open","ping_status":"closed","template":"","meta":[],"product_cat":[23],"product_tag":[60,69,77,58,54,72,56,52,71,49,78],"class_list":{"0":"post-2282","1":"product","2":"type-product","3":"status-publish","4":"has-post-thumbnail","6":"product_cat-livros-digitais","7":"product_tag-antonio-ostrensky","8":"product_tag-aquicultura","9":"product_tag-cultivo-de-ostras","10":"product_tag-debora-pestana-da-silva","11":"product_tag-gisela-geraldine-castilho-westphal","12":"product_tag-marcelo-acacio-chammas","13":"product_tag-marcus-vinicius-fier-girotto","14":"product_tag-maricultura","15":"product_tag-marina-lima-de-souza","16":"product_tag-ostreicultura","17":"product_tag-rastreabilidade","19":"first","20":"instock","21":"downloadable","22":"virtual","23":"purchasable","24":"product-type-simple"},"_links":{"self":[{"href":"https:\/\/gia.org.br\/portal\/wp-json\/wp\/v2\/product\/2282","targetHints":{"allow":["GET"]}}],"collection":[{"href":"https:\/\/gia.org.br\/portal\/wp-json\/wp\/v2\/product"}],"about":[{"href":"https:\/\/gia.org.br\/portal\/wp-json\/wp\/v2\/types\/product"}],"replies":[{"embeddable":true,"href":"https:\/\/gia.org.br\/portal\/wp-json\/wp\/v2\/comments?post=2282"}],"version-history":[{"count":0,"href":"https:\/\/gia.org.br\/portal\/wp-json\/wp\/v2\/product\/2282\/revisions"}],"wp:featuredmedia":[{"embeddable":true,"href":"https:\/\/gia.org.br\/portal\/wp-json\/wp\/v2\/media\/2283"}],"wp:attachment":[{"href":"https:\/\/gia.org.br\/portal\/wp-json\/wp\/v2\/media?parent=2282"}],"wp:term":[{"taxonomy":"product_cat","embeddable":true,"href":"https:\/\/gia.org.br\/portal\/wp-json\/wp\/v2\/product_cat?post=2282"},{"taxonomy":"product_tag","embeddable":true,"href":"https:\/\/gia.org.br\/portal\/wp-json\/wp\/v2\/product_tag?post=2282"}],"curies":[{"name":"wp","href":"https:\/\/api.w.org\/{rel}","templated":true}]}}