{"id":2261,"date":"2017-12-20T07:48:53","date_gmt":"2017-12-20T09:48:53","guid":{"rendered":"https:\/\/gia.org.br\/portal\/?post_type=product&#038;p=2261"},"modified":"2024-07-17T11:53:41","modified_gmt":"2024-07-17T14:53:41","slug":"2261","status":"publish","type":"product","link":"https:\/\/gia.org.br\/portal\/produto\/2261\/","title":{"rendered":"Fichas T\u00e9cnicas Ilustradas &#8211; Sebrae\/Projeto AquiNordeste (Livro Digital &#8211; PDF)"},"content":{"rendered":"","protected":false},"excerpt":{"rendered":"<p>Este \u00e9 um trabalho realizado pelo Sebrae, atrav\u00e9s do\u00a0Projeto AquiNordeste (Projeto de Integra\u00e7\u00e3o e Fortalecimento\u00a0da Cadeia Produtiva da Aquicultura da Regi\u00e3o\u00a0Nordeste do Brasil).<\/p>\n<p>As Fichas T\u00e9cnicas foram pensadas e criadas para serem\u00a0usadas diretamente no campo, por produtores e\u00a0t\u00e9cnicos extensionistas. Elas apresentam os principais\u00a0organismos que podem ser vistos a olho nu (sem o uso\u00a0de lupa ou de microsc\u00f3pio), que podem prejudicar os\u00a0cultivos e que foram encontrados sobre ou dentro das\u00a0conchas de ostras cultivadas em quatro estados do\u00a0Nordeste (Sergipe, Alagoas, Para\u00edba e Rio Grande do\u00a0Norte) durante o ano de 2015.<\/p>\n<p>As Fichas T\u00e9cnicas foram estruturadas na forma de\u00a0temas como: Quem \u00e9 aquele organismo encontrado\u00a0junto \u00e0s ostras? Ele pode ser consumido ou comercializado\u00a0para algum outro fim? Quais os preju\u00edzos ele\u00a0causa e qual \u00e9 o grau de dificuldade para o seu controle?\u00a0Quais s\u00e3o as formas e como s\u00e3o os custos para se\u00a0evit\u00e1-lo e para combat\u00ea-lo? Qual \u00e9 o grau de risco que ele apresenta \u00e0 sa\u00fade do consumidor de ostras?<\/p>\n<p>Baixe gratuitamente este livro!<\/p>\n","protected":false},"featured_media":2382,"comment_status":"open","ping_status":"closed","template":"","meta":[],"product_cat":[23],"product_tag":[55,60,58,57,54,56,51,49,59],"class_list":{"0":"post-2261","1":"product","2":"type-product","3":"status-publish","4":"has-post-thumbnail","6":"product_cat-livros-digitais","7":"product_tag-aline-horodesky","8":"product_tag-antonio-ostrensky","9":"product_tag-debora-pestana-da-silva","10":"product_tag-diego-barbalho-hungria","11":"product_tag-gisela-geraldine-castilho-westphal","12":"product_tag-marcus-vinicius-fier-girotto","13":"product_tag-ostras","14":"product_tag-ostreicultura","15":"product_tag-plankton-solucoes-em-meio-ambiente","17":"first","18":"instock","19":"downloadable","20":"virtual","21":"purchasable","22":"product-type-simple"},"_links":{"self":[{"href":"https:\/\/gia.org.br\/portal\/wp-json\/wp\/v2\/product\/2261","targetHints":{"allow":["GET"]}}],"collection":[{"href":"https:\/\/gia.org.br\/portal\/wp-json\/wp\/v2\/product"}],"about":[{"href":"https:\/\/gia.org.br\/portal\/wp-json\/wp\/v2\/types\/product"}],"replies":[{"embeddable":true,"href":"https:\/\/gia.org.br\/portal\/wp-json\/wp\/v2\/comments?post=2261"}],"version-history":[{"count":0,"href":"https:\/\/gia.org.br\/portal\/wp-json\/wp\/v2\/product\/2261\/revisions"}],"wp:featuredmedia":[{"embeddable":true,"href":"https:\/\/gia.org.br\/portal\/wp-json\/wp\/v2\/media\/2382"}],"wp:attachment":[{"href":"https:\/\/gia.org.br\/portal\/wp-json\/wp\/v2\/media?parent=2261"}],"wp:term":[{"taxonomy":"product_cat","embeddable":true,"href":"https:\/\/gia.org.br\/portal\/wp-json\/wp\/v2\/product_cat?post=2261"},{"taxonomy":"product_tag","embeddable":true,"href":"https:\/\/gia.org.br\/portal\/wp-json\/wp\/v2\/product_tag?post=2261"}],"curies":[{"name":"wp","href":"https:\/\/api.w.org\/{rel}","templated":true}]}}