{"id":207,"date":"2017-11-13T17:13:02","date_gmt":"2017-11-13T17:13:02","guid":{"rendered":"https:\/\/gia.org.br\/portal\/?page_id=207"},"modified":"2021-03-18T13:24:40","modified_gmt":"2021-03-18T16:24:40","slug":"lapoa","status":"publish","type":"page","link":"https:\/\/gia.org.br\/portal\/lapoa\/","title":{"rendered":"LAPOA"},"content":{"rendered":"\t\t<div data-elementor-type=\"wp-page\" data-elementor-id=\"207\" class=\"elementor elementor-207\" data-elementor-post-type=\"page\">\n\t\t\t\t\t\t<section class=\"elementor-section elementor-top-section elementor-element elementor-element-37c42d03 elementor-section-boxed elementor-section-height-default elementor-section-height-default exad-glass-effect-no exad-sticky-section-no\" data-id=\"37c42d03\" data-element_type=\"section\">\n\t\t\t\t\t\t<div class=\"elementor-container elementor-column-gap-default\">\n\t\t\t\t\t<div class=\"elementor-column elementor-col-100 elementor-top-column elementor-element elementor-element-72b6d1f3 exad-glass-effect-no exad-sticky-section-no\" data-id=\"72b6d1f3\" data-element_type=\"column\">\n\t\t\t<div class=\"elementor-widget-wrap elementor-element-populated\">\n\t\t\t\t\t\t<div class=\"elementor-element elementor-element-394ca19d exad-sticky-section-no exad-glass-effect-no elementor-widget elementor-widget-text-editor\" data-id=\"394ca19d\" data-element_type=\"widget\" data-widget_type=\"text-editor.default\">\n\t\t\t\t<div class=\"elementor-widget-container\">\n\t\t\t\t\t\t\t\t\t<p><img fetchpriority=\"high\" decoding=\"async\" class=\"alignnone size-large wp-image-1857\" style=\"color: var( --e-global-color-text );\" src=\"https:\/\/gia.org.br\/novo\/wp-content\/uploads\/2017\/11\/lapoa_100-1024x687.jpg\" alt=\"\" width=\"1024\" height=\"687\" \/><\/p><p>O Laborat\u00f3rio de Pesquisas com Organismos Aqu\u00e1ticos (LAPOA), est\u00e1 localizado no Setor de Ci\u00eancias Agr\u00e1rias da UFPR. Ele conta com uma \u00e1rea constru\u00edda de 600 m<sup>2<\/sup>, que abriga:<\/p><ul><li>Quatro salas de experimentos (sendo que duas delas est\u00e3o atualmente ocupadas com experimentos com peixes ornamentais marinhos, uma com experimentos de toxicidade e outra com experimentos envolvendo o cultivo consorciado de algas e camar\u00f5es marinhos);<\/li><li>Um laborat\u00f3rio de an\u00e1lises de \u00e1gua (LQA);<\/li><li>Uma sala de limpeza e esteriliza\u00e7\u00e3o de materiais;<\/li><li>Duas estufas agr\u00edcolas utilizadas para a manuten\u00e7\u00e3o de organismos aqu\u00e1ticos em condi\u00e7\u00f5es ambientais controladas;<\/li><li>Quatro salas de trabalho para os pesquisadores;<\/li><li>Um almoxarifado;<\/li><\/ul><p>\u00a0<\/p><p><img decoding=\"async\" class=\"alignnone size-full wp-image-1858\" src=\"https:\/\/gia.org.br\/novo\/wp-content\/uploads\/2017\/11\/Capturar.jpg\" alt=\"\" width=\"1019\" height=\"553\" srcset=\"https:\/\/gia.org.br\/portal\/wp-content\/uploads\/2017\/11\/Capturar.jpg 1019w, https:\/\/gia.org.br\/portal\/wp-content\/uploads\/2017\/11\/Capturar-750x407.jpg 750w, https:\/\/gia.org.br\/portal\/wp-content\/uploads\/2017\/11\/Capturar-300x163.jpg 300w, https:\/\/gia.org.br\/portal\/wp-content\/uploads\/2017\/11\/Capturar-768x417.jpg 768w, https:\/\/gia.org.br\/portal\/wp-content\/uploads\/2017\/11\/Capturar-440x239.jpg 440w, https:\/\/gia.org.br\/portal\/wp-content\/uploads\/2017\/11\/Capturar-627x340.jpg 627w\" sizes=\"(max-width: 1019px) 100vw, 1019px\" \/><br \/>Fig 1. Projeto de engenharia das salas de experimento e projeto de climatiza\u00e7\u00e3o.<\/p><p>Inicialmente o LAPOA foi planejado para a produ\u00e7\u00e3o de larvas de caranguejo em larga escala, ainda que esteja localizado a mais de 100 km do mar.\u00a0O laborat\u00f3rio efetivamente funcionou para este fim por dois anos, mas desde 2005 vem sendo utilizado como local de desenvolvimento de disserta\u00e7\u00f5es e teses e para o desenvolvimento de tecnologias aplicadas aos temas trabalhados pelo GIA.<\/p><p><img decoding=\"async\" class=\"alignnone size-large wp-image-1859\" src=\"https:\/\/gia.org.br\/novo\/wp-content\/uploads\/2017\/11\/DSCN5864-1024x768.jpg\" alt=\"\" width=\"1024\" height=\"768\" \/><br \/>Fig 2. Estrutura f\u00edsica do LAPOA.<\/p><p>Hoje o laborat\u00f3rio conta com um sistema de armazenamento, filtragem e esteriliza\u00e7\u00e3o de mais de 100 mil litros de \u00e1gua de chuva, utilizadas para abastecimento interno das salas de experimentos, estufas de manuten\u00e7\u00e3o de peixes, salas de qualidade da \u00e1gua e gen\u00e9tica.<\/p><p>\u00a0<\/p>\t\t\t\t\t\t\t\t<\/div>\n\t\t\t\t<\/div>\n\t\t\t\t<div class=\"elementor-element elementor-element-c326a1e exad-sticky-section-no exad-glass-effect-no elementor-widget elementor-widget-gallery\" data-id=\"c326a1e\" data-element_type=\"widget\" data-settings=\"{&quot;lazyload&quot;:&quot;yes&quot;,&quot;gallery_layout&quot;:&quot;grid&quot;,&quot;columns&quot;:4,&quot;columns_tablet&quot;:2,&quot;columns_mobile&quot;:1,&quot;gap&quot;:{&quot;unit&quot;:&quot;px&quot;,&quot;size&quot;:10,&quot;sizes&quot;:[]},&quot;gap_tablet&quot;:{&quot;unit&quot;:&quot;px&quot;,&quot;size&quot;:10,&quot;sizes&quot;:[]},&quot;gap_mobile&quot;:{&quot;unit&quot;:&quot;px&quot;,&quot;size&quot;:10,&quot;sizes&quot;:[]},&quot;link_to&quot;:&quot;file&quot;,&quot;aspect_ratio&quot;:&quot;3:2&quot;,&quot;overlay_background&quot;:&quot;yes&quot;,&quot;content_hover_animation&quot;:&quot;fade-in&quot;}\" data-widget_type=\"gallery.default\">\n\t\t\t\t<div class=\"elementor-widget-container\">\n\t\t\t\t\t\t\t<div class=\"elementor-gallery__container\">\n\t\t\t\t\t\t\t<a class=\"e-gallery-item elementor-gallery-item elementor-animated-content\" href=\"https:\/\/gia.org.br\/portal\/wp-content\/uploads\/2017\/11\/DSCN2555-9a615a3fd8.jpg\" data-elementor-open-lightbox=\"yes\" data-elementor-lightbox-slideshow=\"c326a1e\" data-elementor-lightbox-title=\"DSCN2555-9a615a3fd8\" data-e-action-hash=\"#elementor-action%3Aaction%3Dlightbox%26settings%3DeyJpZCI6MjI5LCJ1cmwiOiJodHRwczpcL1wvZ2lhLm9yZy5iclwvcG9ydGFsXC93cC1jb250ZW50XC91cGxvYWRzXC8yMDE3XC8xMVwvRFNDTjI1NTUtOWE2MTVhM2ZkOC5qcGciLCJzbGlkZXNob3ciOiJjMzI2YTFlIn0%3D\">\n\t\t\t\t\t<div class=\"e-gallery-image elementor-gallery-item__image\" data-thumbnail=\"https:\/\/gia.org.br\/portal\/wp-content\/uploads\/2017\/11\/DSCN2555-9a615a3fd8-300x225.jpg\" data-width=\"300\" data-height=\"225\" aria-label=\"\" role=\"img\" ><\/div>\n\t\t\t\t\t\t\t\t\t\t\t<div class=\"elementor-gallery-item__overlay\"><\/div>\n\t\t\t\t\t\t\t\t\t\t\t\t\t\t<\/a>\n\t\t\t\t\t\t\t<a class=\"e-gallery-item elementor-gallery-item elementor-animated-content\" href=\"https:\/\/gia.org.br\/portal\/wp-content\/uploads\/2017\/11\/DSCN5864-bd582dc603.jpg\" data-elementor-open-lightbox=\"yes\" data-elementor-lightbox-slideshow=\"c326a1e\" data-elementor-lightbox-title=\"DSCN5864-bd582dc603\" data-e-action-hash=\"#elementor-action%3Aaction%3Dlightbox%26settings%3DeyJpZCI6MjM4LCJ1cmwiOiJodHRwczpcL1wvZ2lhLm9yZy5iclwvcG9ydGFsXC93cC1jb250ZW50XC91cGxvYWRzXC8yMDE3XC8xMVwvRFNDTjU4NjQtYmQ1ODJkYzYwMy5qcGciLCJzbGlkZXNob3ciOiJjMzI2YTFlIn0%3D\">\n\t\t\t\t\t<div class=\"e-gallery-image elementor-gallery-item__image\" data-thumbnail=\"https:\/\/gia.org.br\/portal\/wp-content\/uploads\/2017\/11\/DSCN5864-bd582dc603-300x225.jpg\" data-width=\"300\" data-height=\"225\" aria-label=\"\" role=\"img\" ><\/div>\n\t\t\t\t\t\t\t\t\t\t\t<div class=\"elementor-gallery-item__overlay\"><\/div>\n\t\t\t\t\t\t\t\t\t\t\t\t\t\t<\/a>\n\t\t\t\t\t\t\t<a class=\"e-gallery-item elementor-gallery-item elementor-animated-content\" href=\"https:\/\/gia.org.br\/portal\/wp-content\/uploads\/2017\/11\/CAM06020-95ec7a5907.jpg\" data-elementor-open-lightbox=\"yes\" data-elementor-lightbox-slideshow=\"c326a1e\" data-elementor-lightbox-title=\"CAM06020-95ec7a5907\" data-e-action-hash=\"#elementor-action%3Aaction%3Dlightbox%26settings%3DeyJpZCI6MjA4LCJ1cmwiOiJodHRwczpcL1wvZ2lhLm9yZy5iclwvcG9ydGFsXC93cC1jb250ZW50XC91cGxvYWRzXC8yMDE3XC8xMVwvQ0FNMDYwMjAtOTVlYzdhNTkwNy5qcGciLCJzbGlkZXNob3ciOiJjMzI2YTFlIn0%3D\">\n\t\t\t\t\t<div class=\"e-gallery-image elementor-gallery-item__image\" data-thumbnail=\"https:\/\/gia.org.br\/portal\/wp-content\/uploads\/2017\/11\/CAM06020-95ec7a5907-300x225.jpg\" data-width=\"300\" data-height=\"225\" aria-label=\"\" role=\"img\" ><\/div>\n\t\t\t\t\t\t\t\t\t\t\t<div class=\"elementor-gallery-item__overlay\"><\/div>\n\t\t\t\t\t\t\t\t\t\t\t\t\t\t<\/a>\n\t\t\t\t\t\t\t<a class=\"e-gallery-item elementor-gallery-item elementor-animated-content\" href=\"https:\/\/gia.org.br\/portal\/wp-content\/uploads\/2017\/11\/CAM06025-202573b85c.jpg\" data-elementor-open-lightbox=\"yes\" data-elementor-lightbox-slideshow=\"c326a1e\" data-elementor-lightbox-title=\"CAM06025-202573b85c\" data-e-action-hash=\"#elementor-action%3Aaction%3Dlightbox%26settings%3DeyJpZCI6MjA5LCJ1cmwiOiJodHRwczpcL1wvZ2lhLm9yZy5iclwvcG9ydGFsXC93cC1jb250ZW50XC91cGxvYWRzXC8yMDE3XC8xMVwvQ0FNMDYwMjUtMjAyNTczYjg1Yy5qcGciLCJzbGlkZXNob3ciOiJjMzI2YTFlIn0%3D\">\n\t\t\t\t\t<div class=\"e-gallery-image elementor-gallery-item__image\" data-thumbnail=\"https:\/\/gia.org.br\/portal\/wp-content\/uploads\/2017\/11\/CAM06025-202573b85c-300x225.jpg\" data-width=\"300\" data-height=\"225\" aria-label=\"\" role=\"img\" ><\/div>\n\t\t\t\t\t\t\t\t\t\t\t<div class=\"elementor-gallery-item__overlay\"><\/div>\n\t\t\t\t\t\t\t\t\t\t\t\t\t\t<\/a>\n\t\t\t\t\t\t\t<a class=\"e-gallery-item elementor-gallery-item elementor-animated-content\" href=\"https:\/\/gia.org.br\/portal\/wp-content\/uploads\/2017\/11\/CAM06028-cb4a2dddfd.jpg\" data-elementor-open-lightbox=\"yes\" data-elementor-lightbox-slideshow=\"c326a1e\" data-elementor-lightbox-title=\"CAM06028-cb4a2dddfd\" data-e-action-hash=\"#elementor-action%3Aaction%3Dlightbox%26settings%3DeyJpZCI6MjEwLCJ1cmwiOiJodHRwczpcL1wvZ2lhLm9yZy5iclwvcG9ydGFsXC93cC1jb250ZW50XC91cGxvYWRzXC8yMDE3XC8xMVwvQ0FNMDYwMjgtY2I0YTJkZGRmZC5qcGciLCJzbGlkZXNob3ciOiJjMzI2YTFlIn0%3D\">\n\t\t\t\t\t<div class=\"e-gallery-image elementor-gallery-item__image\" data-thumbnail=\"https:\/\/gia.org.br\/portal\/wp-content\/uploads\/2017\/11\/CAM06028-cb4a2dddfd-300x225.jpg\" data-width=\"300\" data-height=\"225\" aria-label=\"\" role=\"img\" ><\/div>\n\t\t\t\t\t\t\t\t\t\t\t<div class=\"elementor-gallery-item__overlay\"><\/div>\n\t\t\t\t\t\t\t\t\t\t\t\t\t\t<\/a>\n\t\t\t\t\t\t\t<a class=\"e-gallery-item elementor-gallery-item elementor-animated-content\" href=\"https:\/\/gia.org.br\/portal\/wp-content\/uploads\/2017\/11\/DBH_6178-4b400cf972.jpg\" data-elementor-open-lightbox=\"yes\" data-elementor-lightbox-slideshow=\"c326a1e\" data-elementor-lightbox-title=\"DBH_6178-4b400cf972\" data-e-action-hash=\"#elementor-action%3Aaction%3Dlightbox%26settings%3DeyJpZCI6MjExLCJ1cmwiOiJodHRwczpcL1wvZ2lhLm9yZy5iclwvcG9ydGFsXC93cC1jb250ZW50XC91cGxvYWRzXC8yMDE3XC8xMVwvREJIXzYxNzgtNGI0MDBjZjk3Mi5qcGciLCJzbGlkZXNob3ciOiJjMzI2YTFlIn0%3D\">\n\t\t\t\t\t<div class=\"e-gallery-image elementor-gallery-item__image\" data-thumbnail=\"https:\/\/gia.org.br\/portal\/wp-content\/uploads\/2017\/11\/DBH_6178-4b400cf972-300x225.jpg\" data-width=\"300\" data-height=\"225\" aria-label=\"\" role=\"img\" ><\/div>\n\t\t\t\t\t\t\t\t\t\t\t<div class=\"elementor-gallery-item__overlay\"><\/div>\n\t\t\t\t\t\t\t\t\t\t\t\t\t\t<\/a>\n\t\t\t\t\t\t\t<a class=\"e-gallery-item elementor-gallery-item elementor-animated-content\" href=\"https:\/\/gia.org.br\/portal\/wp-content\/uploads\/2017\/11\/DBH_8286-bfd6681c1e.jpg\" data-elementor-open-lightbox=\"yes\" data-elementor-lightbox-slideshow=\"c326a1e\" data-elementor-lightbox-title=\"DBH_8286-bfd6681c1e\" data-e-action-hash=\"#elementor-action%3Aaction%3Dlightbox%26settings%3DeyJpZCI6MjEyLCJ1cmwiOiJodHRwczpcL1wvZ2lhLm9yZy5iclwvcG9ydGFsXC93cC1jb250ZW50XC91cGxvYWRzXC8yMDE3XC8xMVwvREJIXzgyODYtYmZkNjY4MWMxZS5qcGciLCJzbGlkZXNob3ciOiJjMzI2YTFlIn0%3D\">\n\t\t\t\t\t<div class=\"e-gallery-image elementor-gallery-item__image\" data-thumbnail=\"https:\/\/gia.org.br\/portal\/wp-content\/uploads\/2017\/11\/DBH_8286-bfd6681c1e-300x225.jpg\" data-width=\"300\" data-height=\"225\" aria-label=\"\" role=\"img\" ><\/div>\n\t\t\t\t\t\t\t\t\t\t\t<div class=\"elementor-gallery-item__overlay\"><\/div>\n\t\t\t\t\t\t\t\t\t\t\t\t\t\t<\/a>\n\t\t\t\t\t\t\t<a class=\"e-gallery-item elementor-gallery-item elementor-animated-content\" href=\"https:\/\/gia.org.br\/portal\/wp-content\/uploads\/2017\/11\/DSCN0446-18e0e3ef5c.jpg\" data-elementor-open-lightbox=\"yes\" data-elementor-lightbox-slideshow=\"c326a1e\" data-elementor-lightbox-title=\"DSCN0446-18e0e3ef5c\" data-e-action-hash=\"#elementor-action%3Aaction%3Dlightbox%26settings%3DeyJpZCI6MjI1LCJ1cmwiOiJodHRwczpcL1wvZ2lhLm9yZy5iclwvcG9ydGFsXC93cC1jb250ZW50XC91cGxvYWRzXC8yMDE3XC8xMVwvRFNDTjA0NDYtMThlMGUzZWY1Yy5qcGciLCJzbGlkZXNob3ciOiJjMzI2YTFlIn0%3D\">\n\t\t\t\t\t<div class=\"e-gallery-image elementor-gallery-item__image\" data-thumbnail=\"https:\/\/gia.org.br\/portal\/wp-content\/uploads\/2017\/11\/DSCN0446-18e0e3ef5c-300x225.jpg\" data-width=\"300\" data-height=\"225\" aria-label=\"\" role=\"img\" ><\/div>\n\t\t\t\t\t\t\t\t\t\t\t<div class=\"elementor-gallery-item__overlay\"><\/div>\n\t\t\t\t\t\t\t\t\t\t\t\t\t\t<\/a>\n\t\t\t\t\t\t\t<a class=\"e-gallery-item elementor-gallery-item elementor-animated-content\" href=\"https:\/\/gia.org.br\/portal\/wp-content\/uploads\/2017\/11\/DSCN0434-b17aef489e.jpg\" data-elementor-open-lightbox=\"yes\" data-elementor-lightbox-slideshow=\"c326a1e\" data-elementor-lightbox-title=\"DSCN0434-b17aef489e\" data-e-action-hash=\"#elementor-action%3Aaction%3Dlightbox%26settings%3DeyJpZCI6MjIyLCJ1cmwiOiJodHRwczpcL1wvZ2lhLm9yZy5iclwvcG9ydGFsXC93cC1jb250ZW50XC91cGxvYWRzXC8yMDE3XC8xMVwvRFNDTjA0MzQtYjE3YWVmNDg5ZS5qcGciLCJzbGlkZXNob3ciOiJjMzI2YTFlIn0%3D\">\n\t\t\t\t\t<div class=\"e-gallery-image elementor-gallery-item__image\" data-thumbnail=\"https:\/\/gia.org.br\/portal\/wp-content\/uploads\/2017\/11\/DSCN0434-b17aef489e-300x225.jpg\" data-width=\"300\" data-height=\"225\" aria-label=\"\" role=\"img\" ><\/div>\n\t\t\t\t\t\t\t\t\t\t\t<div class=\"elementor-gallery-item__overlay\"><\/div>\n\t\t\t\t\t\t\t\t\t\t\t\t\t\t<\/a>\n\t\t\t\t\t\t\t<a class=\"e-gallery-item elementor-gallery-item elementor-animated-content\" href=\"https:\/\/gia.org.br\/portal\/wp-content\/uploads\/2017\/11\/DSCN0431-07797c5a37.jpg\" data-elementor-open-lightbox=\"yes\" data-elementor-lightbox-slideshow=\"c326a1e\" data-elementor-lightbox-title=\"DSCN0431-07797c5a37\" data-e-action-hash=\"#elementor-action%3Aaction%3Dlightbox%26settings%3DeyJpZCI6MjIxLCJ1cmwiOiJodHRwczpcL1wvZ2lhLm9yZy5iclwvcG9ydGFsXC93cC1jb250ZW50XC91cGxvYWRzXC8yMDE3XC8xMVwvRFNDTjA0MzEtMDc3OTdjNWEzNy5qcGciLCJzbGlkZXNob3ciOiJjMzI2YTFlIn0%3D\">\n\t\t\t\t\t<div class=\"e-gallery-image elementor-gallery-item__image\" data-thumbnail=\"https:\/\/gia.org.br\/portal\/wp-content\/uploads\/2017\/11\/DSCN0431-07797c5a37-300x225.jpg\" data-width=\"300\" data-height=\"225\" aria-label=\"\" role=\"img\" ><\/div>\n\t\t\t\t\t\t\t\t\t\t\t<div class=\"elementor-gallery-item__overlay\"><\/div>\n\t\t\t\t\t\t\t\t\t\t\t\t\t\t<\/a>\n\t\t\t\t\t\t\t<a class=\"e-gallery-item elementor-gallery-item elementor-animated-content\" href=\"https:\/\/gia.org.br\/portal\/wp-content\/uploads\/2017\/11\/DSCN5860-4a1a58a2e4.jpg\" data-elementor-open-lightbox=\"yes\" data-elementor-lightbox-slideshow=\"c326a1e\" data-elementor-lightbox-title=\"DSCN5860-4a1a58a2e4\" data-e-action-hash=\"#elementor-action%3Aaction%3Dlightbox%26settings%3DeyJpZCI6MjM3LCJ1cmwiOiJodHRwczpcL1wvZ2lhLm9yZy5iclwvcG9ydGFsXC93cC1jb250ZW50XC91cGxvYWRzXC8yMDE3XC8xMVwvRFNDTjU4NjAtNGExYTU4YTJlNC5qcGciLCJzbGlkZXNob3ciOiJjMzI2YTFlIn0%3D\">\n\t\t\t\t\t<div class=\"e-gallery-image elementor-gallery-item__image\" data-thumbnail=\"https:\/\/gia.org.br\/portal\/wp-content\/uploads\/2017\/11\/DSCN5860-4a1a58a2e4-300x225.jpg\" data-width=\"300\" data-height=\"225\" aria-label=\"\" role=\"img\" ><\/div>\n\t\t\t\t\t\t\t\t\t\t\t<div class=\"elementor-gallery-item__overlay\"><\/div>\n\t\t\t\t\t\t\t\t\t\t\t\t\t\t<\/a>\n\t\t\t\t\t\t\t<a class=\"e-gallery-item elementor-gallery-item elementor-animated-content\" href=\"https:\/\/gia.org.br\/portal\/wp-content\/uploads\/2017\/11\/DSCN5849-4684f8934f.jpg\" data-elementor-open-lightbox=\"yes\" data-elementor-lightbox-slideshow=\"c326a1e\" data-elementor-lightbox-title=\"DSCN5849-4684f8934f\" data-e-action-hash=\"#elementor-action%3Aaction%3Dlightbox%26settings%3DeyJpZCI6MjM0LCJ1cmwiOiJodHRwczpcL1wvZ2lhLm9yZy5iclwvcG9ydGFsXC93cC1jb250ZW50XC91cGxvYWRzXC8yMDE3XC8xMVwvRFNDTjU4NDktNDY4NGY4OTM0Zi5qcGciLCJzbGlkZXNob3ciOiJjMzI2YTFlIn0%3D\">\n\t\t\t\t\t<div class=\"e-gallery-image elementor-gallery-item__image\" data-thumbnail=\"https:\/\/gia.org.br\/portal\/wp-content\/uploads\/2017\/11\/DSCN5849-4684f8934f-300x225.jpg\" data-width=\"300\" data-height=\"225\" aria-label=\"\" role=\"img\" ><\/div>\n\t\t\t\t\t\t\t\t\t\t\t<div class=\"elementor-gallery-item__overlay\"><\/div>\n\t\t\t\t\t\t\t\t\t\t\t\t\t\t<\/a>\n\t\t\t\t\t\t\t<a class=\"e-gallery-item elementor-gallery-item elementor-animated-content\" href=\"https:\/\/gia.org.br\/portal\/wp-content\/uploads\/2017\/11\/DSCN5855-eed7b2a398.jpg\" data-elementor-open-lightbox=\"yes\" data-elementor-lightbox-slideshow=\"c326a1e\" data-elementor-lightbox-title=\"DSCN5855-eed7b2a398\" data-e-action-hash=\"#elementor-action%3Aaction%3Dlightbox%26settings%3DeyJpZCI6MjM1LCJ1cmwiOiJodHRwczpcL1wvZ2lhLm9yZy5iclwvcG9ydGFsXC93cC1jb250ZW50XC91cGxvYWRzXC8yMDE3XC8xMVwvRFNDTjU4NTUtZWVkN2IyYTM5OC5qcGciLCJzbGlkZXNob3ciOiJjMzI2YTFlIn0%3D\">\n\t\t\t\t\t<div class=\"e-gallery-image elementor-gallery-item__image\" data-thumbnail=\"https:\/\/gia.org.br\/portal\/wp-content\/uploads\/2017\/11\/DSCN5855-eed7b2a398-300x225.jpg\" data-width=\"300\" data-height=\"225\" aria-label=\"\" role=\"img\" ><\/div>\n\t\t\t\t\t\t\t\t\t\t\t<div class=\"elementor-gallery-item__overlay\"><\/div>\n\t\t\t\t\t\t\t\t\t\t\t\t\t\t<\/a>\n\t\t\t\t\t\t\t<a class=\"e-gallery-item elementor-gallery-item elementor-animated-content\" href=\"https:\/\/gia.org.br\/portal\/wp-content\/uploads\/2017\/11\/DSCN5859-df9cc64d67.jpg\" data-elementor-open-lightbox=\"yes\" data-elementor-lightbox-slideshow=\"c326a1e\" data-elementor-lightbox-title=\"DSCN5859-df9cc64d67\" data-e-action-hash=\"#elementor-action%3Aaction%3Dlightbox%26settings%3DeyJpZCI6MjM2LCJ1cmwiOiJodHRwczpcL1wvZ2lhLm9yZy5iclwvcG9ydGFsXC93cC1jb250ZW50XC91cGxvYWRzXC8yMDE3XC8xMVwvRFNDTjU4NTktZGY5Y2M2NGQ2Ny5qcGciLCJzbGlkZXNob3ciOiJjMzI2YTFlIn0%3D\">\n\t\t\t\t\t<div class=\"e-gallery-image elementor-gallery-item__image\" data-thumbnail=\"https:\/\/gia.org.br\/portal\/wp-content\/uploads\/2017\/11\/DSCN5859-df9cc64d67-300x225.jpg\" data-width=\"300\" data-height=\"225\" aria-label=\"\" role=\"img\" ><\/div>\n\t\t\t\t\t\t\t\t\t\t\t<div class=\"elementor-gallery-item__overlay\"><\/div>\n\t\t\t\t\t\t\t\t\t\t\t\t\t\t<\/a>\n\t\t\t\t\t\t\t<a class=\"e-gallery-item elementor-gallery-item elementor-animated-content\" href=\"https:\/\/gia.org.br\/portal\/wp-content\/uploads\/2017\/11\/DSCN0438-1227a516e1.jpg\" data-elementor-open-lightbox=\"yes\" data-elementor-lightbox-slideshow=\"c326a1e\" data-elementor-lightbox-title=\"DSCN0438-1227a516e1\" data-e-action-hash=\"#elementor-action%3Aaction%3Dlightbox%26settings%3DeyJpZCI6MjI0LCJ1cmwiOiJodHRwczpcL1wvZ2lhLm9yZy5iclwvcG9ydGFsXC93cC1jb250ZW50XC91cGxvYWRzXC8yMDE3XC8xMVwvRFNDTjA0MzgtMTIyN2E1MTZlMS5qcGciLCJzbGlkZXNob3ciOiJjMzI2YTFlIn0%3D\">\n\t\t\t\t\t<div class=\"e-gallery-image elementor-gallery-item__image\" data-thumbnail=\"https:\/\/gia.org.br\/portal\/wp-content\/uploads\/2017\/11\/DSCN0438-1227a516e1-300x225.jpg\" data-width=\"300\" data-height=\"225\" aria-label=\"\" role=\"img\" ><\/div>\n\t\t\t\t\t\t\t\t\t\t\t<div class=\"elementor-gallery-item__overlay\"><\/div>\n\t\t\t\t\t\t\t\t\t\t\t\t\t\t<\/a>\n\t\t\t\t\t\t\t<a class=\"e-gallery-item elementor-gallery-item elementor-animated-content\" href=\"https:\/\/gia.org.br\/portal\/wp-content\/uploads\/2017\/11\/DSCN0466-48eea0cc73.jpg\" data-elementor-open-lightbox=\"yes\" data-elementor-lightbox-slideshow=\"c326a1e\" data-elementor-lightbox-title=\"DSCN0466-48eea0cc73\" data-e-action-hash=\"#elementor-action%3Aaction%3Dlightbox%26settings%3DeyJpZCI6MjI3LCJ1cmwiOiJodHRwczpcL1wvZ2lhLm9yZy5iclwvcG9ydGFsXC93cC1jb250ZW50XC91cGxvYWRzXC8yMDE3XC8xMVwvRFNDTjA0NjYtNDhlZWEwY2M3My5qcGciLCJzbGlkZXNob3ciOiJjMzI2YTFlIn0%3D\">\n\t\t\t\t\t<div class=\"e-gallery-image elementor-gallery-item__image\" data-thumbnail=\"https:\/\/gia.org.br\/portal\/wp-content\/uploads\/2017\/11\/DSCN0466-48eea0cc73-300x225.jpg\" data-width=\"300\" data-height=\"225\" aria-label=\"\" role=\"img\" ><\/div>\n\t\t\t\t\t\t\t\t\t\t\t<div class=\"elementor-gallery-item__overlay\"><\/div>\n\t\t\t\t\t\t\t\t\t\t\t\t\t\t<\/a>\n\t\t\t\t\t\t\t<a class=\"e-gallery-item elementor-gallery-item elementor-animated-content\" href=\"https:\/\/gia.org.br\/portal\/wp-content\/uploads\/2017\/11\/DSCN0467-ce84d09646.jpg\" data-elementor-open-lightbox=\"yes\" data-elementor-lightbox-slideshow=\"c326a1e\" data-elementor-lightbox-title=\"DSCN0467-ce84d09646\" data-e-action-hash=\"#elementor-action%3Aaction%3Dlightbox%26settings%3DeyJpZCI6MjI4LCJ1cmwiOiJodHRwczpcL1wvZ2lhLm9yZy5iclwvcG9ydGFsXC93cC1jb250ZW50XC91cGxvYWRzXC8yMDE3XC8xMVwvRFNDTjA0NjctY2U4NGQwOTY0Ni5qcGciLCJzbGlkZXNob3ciOiJjMzI2YTFlIn0%3D\">\n\t\t\t\t\t<div class=\"e-gallery-image elementor-gallery-item__image\" data-thumbnail=\"https:\/\/gia.org.br\/portal\/wp-content\/uploads\/2017\/11\/DSCN0467-ce84d09646-300x225.jpg\" data-width=\"300\" data-height=\"225\" aria-label=\"\" role=\"img\" ><\/div>\n\t\t\t\t\t\t\t\t\t\t\t<div class=\"elementor-gallery-item__overlay\"><\/div>\n\t\t\t\t\t\t\t\t\t\t\t\t\t\t<\/a>\n\t\t\t\t\t\t\t<a class=\"e-gallery-item elementor-gallery-item elementor-animated-content\" href=\"https:\/\/gia.org.br\/portal\/wp-content\/uploads\/2017\/11\/DSCN5872-c62070d93b.jpg\" data-elementor-open-lightbox=\"yes\" data-elementor-lightbox-slideshow=\"c326a1e\" data-elementor-lightbox-title=\"DSCN5872-c62070d93b\" data-e-action-hash=\"#elementor-action%3Aaction%3Dlightbox%26settings%3DeyJpZCI6MjQwLCJ1cmwiOiJodHRwczpcL1wvZ2lhLm9yZy5iclwvcG9ydGFsXC93cC1jb250ZW50XC91cGxvYWRzXC8yMDE3XC8xMVwvRFNDTjU4NzItYzYyMDcwZDkzYi5qcGciLCJzbGlkZXNob3ciOiJjMzI2YTFlIn0%3D\">\n\t\t\t\t\t<div class=\"e-gallery-image elementor-gallery-item__image\" data-thumbnail=\"https:\/\/gia.org.br\/portal\/wp-content\/uploads\/2017\/11\/DSCN5872-c62070d93b-300x225.jpg\" data-width=\"300\" data-height=\"225\" aria-label=\"\" role=\"img\" ><\/div>\n\t\t\t\t\t\t\t\t\t\t\t<div class=\"elementor-gallery-item__overlay\"><\/div>\n\t\t\t\t\t\t\t\t\t\t\t\t\t\t<\/a>\n\t\t\t\t\t\t\t<a class=\"e-gallery-item elementor-gallery-item elementor-animated-content\" href=\"https:\/\/gia.org.br\/portal\/wp-content\/uploads\/2017\/11\/DSCN0457-6f65a94a9b.jpg\" data-elementor-open-lightbox=\"yes\" data-elementor-lightbox-slideshow=\"c326a1e\" data-elementor-lightbox-title=\"DSCN0457-6f65a94a9b\" data-e-action-hash=\"#elementor-action%3Aaction%3Dlightbox%26settings%3DeyJpZCI6MjI2LCJ1cmwiOiJodHRwczpcL1wvZ2lhLm9yZy5iclwvcG9ydGFsXC93cC1jb250ZW50XC91cGxvYWRzXC8yMDE3XC8xMVwvRFNDTjA0NTctNmY2NWE5NGE5Yi5qcGciLCJzbGlkZXNob3ciOiJjMzI2YTFlIn0%3D\">\n\t\t\t\t\t<div class=\"e-gallery-image elementor-gallery-item__image\" data-thumbnail=\"https:\/\/gia.org.br\/portal\/wp-content\/uploads\/2017\/11\/DSCN0457-6f65a94a9b-300x225.jpg\" data-width=\"300\" data-height=\"225\" aria-label=\"\" role=\"img\" ><\/div>\n\t\t\t\t\t\t\t\t\t\t\t<div class=\"elementor-gallery-item__overlay\"><\/div>\n\t\t\t\t\t\t\t\t\t\t\t\t\t\t<\/a>\n\t\t\t\t\t\t\t<a class=\"e-gallery-item elementor-gallery-item elementor-animated-content\" href=\"https:\/\/gia.org.br\/portal\/wp-content\/uploads\/2017\/11\/DSC_0933-b0e69e875a.jpg\" data-elementor-open-lightbox=\"yes\" data-elementor-lightbox-slideshow=\"c326a1e\" data-elementor-lightbox-title=\"DSC_0933-b0e69e875a\" data-e-action-hash=\"#elementor-action%3Aaction%3Dlightbox%26settings%3DeyJpZCI6MjE1LCJ1cmwiOiJodHRwczpcL1wvZ2lhLm9yZy5iclwvcG9ydGFsXC93cC1jb250ZW50XC91cGxvYWRzXC8yMDE3XC8xMVwvRFNDXzA5MzMtYjBlNjllODc1YS5qcGciLCJzbGlkZXNob3ciOiJjMzI2YTFlIn0%3D\">\n\t\t\t\t\t<div class=\"e-gallery-image elementor-gallery-item__image\" data-thumbnail=\"https:\/\/gia.org.br\/portal\/wp-content\/uploads\/2017\/11\/DSC_0933-b0e69e875a-300x225.jpg\" data-width=\"300\" data-height=\"225\" aria-label=\"\" role=\"img\" ><\/div>\n\t\t\t\t\t\t\t\t\t\t\t<div class=\"elementor-gallery-item__overlay\"><\/div>\n\t\t\t\t\t\t\t\t\t\t\t\t\t\t<\/a>\n\t\t\t\t\t<\/div>\n\t\t\t\t\t<\/div>\n\t\t\t\t<\/div>\n\t\t\t\t\t<\/div>\n\t\t<\/div>\n\t\t\t\t\t<\/div>\n\t\t<\/section>\n\t\t\t\t<\/div>\n\t\t","protected":false},"excerpt":{"rendered":"<p>O Laborat\u00f3rio de Pesquisas com Organismos Aqu\u00e1ticos (LAPOA), est\u00e1 localizado no Setor de Ci\u00eancias Agr\u00e1rias da UFPR. Ele conta com uma \u00e1rea constru\u00edda de 600 m2, que abriga: Quatro salas de experimentos (sendo que duas delas est\u00e3o atualmente ocupadas com experimentos com peixes ornamentais marinhos, uma com experimentos de toxicidade e outra com experimentos envolvendo [&hellip;]<\/p>\n","protected":false},"author":1,"featured_media":0,"parent":0,"menu_order":0,"comment_status":"closed","ping_status":"closed","template":"","meta":{"jnews_page_loop":{"first_title":"Latest Post","second_title":"","header_type":"heading_6","header_background":"","header_text_color":"","layout":"right-sidebar","sidebar":"default-sidebar","second_sidebar":"default-sidebar","sticky_sidebar":"1","module":"3","excerpt_length":"20","content_date":"default","date_custom":"Y\/m\/d","content_pagination":"nav_1","pagination_align":"center","post_offset":"0","posts_per_page":"5","include_post":"","exclude_post":"","include_category":"","exclude_category":"","include_author":"","include_tag":"","exclude_tag":"","sort_by":"latest"},"jnews_single_page":{"layout":"right-sidebar-narrow","sidebar":"default-sidebar","second_sidebar":"default-sidebar","sticky_sidebar":"1","show_post_featured":"1","share_position":"top","share_color":"share-monocrhome"},"footnotes":""},"class_list":["post-207","page","type-page","status-publish","hentry"],"_links":{"self":[{"href":"https:\/\/gia.org.br\/portal\/wp-json\/wp\/v2\/pages\/207","targetHints":{"allow":["GET"]}}],"collection":[{"href":"https:\/\/gia.org.br\/portal\/wp-json\/wp\/v2\/pages"}],"about":[{"href":"https:\/\/gia.org.br\/portal\/wp-json\/wp\/v2\/types\/page"}],"author":[{"embeddable":true,"href":"https:\/\/gia.org.br\/portal\/wp-json\/wp\/v2\/users\/1"}],"replies":[{"embeddable":true,"href":"https:\/\/gia.org.br\/portal\/wp-json\/wp\/v2\/comments?post=207"}],"version-history":[{"count":0,"href":"https:\/\/gia.org.br\/portal\/wp-json\/wp\/v2\/pages\/207\/revisions"}],"wp:attachment":[{"href":"https:\/\/gia.org.br\/portal\/wp-json\/wp\/v2\/media?parent=207"}],"curies":[{"name":"wp","href":"https:\/\/api.w.org\/{rel}","templated":true}]}}