{"id":192,"date":"2017-11-13T16:49:54","date_gmt":"2017-11-13T16:49:54","guid":{"rendered":"https:\/\/gia.org.br\/portal\/?page_id=192"},"modified":"2023-06-05T20:34:39","modified_gmt":"2023-06-05T23:34:39","slug":"equipe","status":"publish","type":"page","link":"https:\/\/gia.org.br\/portal\/equipe\/","title":{"rendered":"Equipe"},"content":{"rendered":"\t\t<div data-elementor-type=\"wp-post\" data-elementor-id=\"192\" class=\"elementor elementor-192\" data-elementor-post-type=\"page\">\n\t\t\t\t\t\t<section class=\"elementor-section elementor-top-section elementor-element elementor-element-d8fbb44 elementor-section-boxed elementor-section-height-default elementor-section-height-default exad-glass-effect-no exad-sticky-section-no\" data-id=\"d8fbb44\" data-element_type=\"section\">\n\t\t\t\t\t\t<div class=\"elementor-container elementor-column-gap-default\">\n\t\t\t\t\t<div class=\"elementor-column elementor-col-100 elementor-top-column elementor-element elementor-element-d5fc76b exad-glass-effect-no exad-sticky-section-no\" data-id=\"d5fc76b\" data-element_type=\"column\">\n\t\t\t<div class=\"elementor-widget-wrap elementor-element-populated\">\n\t\t\t\t\t\t<div class=\"elementor-element elementor-element-7e4b61f exad-sticky-section-no exad-glass-effect-no elementor-widget elementor-widget-text-editor\" data-id=\"7e4b61f\" data-element_type=\"widget\" data-widget_type=\"text-editor.default\">\n\t\t\t\t<div class=\"elementor-widget-container\">\n\t\t\t\t\t\t\t\t\t<p>[et_pb_section fb_built=&#8221;1&#8243; fullwidth=&#8221;on&#8221; _builder_version=&#8221;3.0.87&#8243;][et_pb_fullwidth_header title=&#8221;Equipe&#8221; background_layout=&#8221;dark&#8221; text_orientation=&#8221;center&#8221; _builder_version=&#8221;3.0.86&#8243; title_font_size=&#8221;29px&#8221; background_color=&#8221;#165a9b&#8221; background_image=&#8221;https:\/\/gia.org.br\/portal\/wp-content\/uploads\/2017\/11\/topo.png&#8221; custom_padding=&#8221;15px||15px|&#8221;][\/et_pb_fullwidth_header][\/et_pb_section][et_pb_section fb_built=&#8221;1&#8243; _builder_version=&#8221;3.0.47&#8243;][et_pb_row _builder_version=&#8221;3.0.47&#8243; background_size=&#8221;initial&#8221; background_position=&#8221;top_left&#8221; background_repeat=&#8221;repeat&#8221;][et_pb_column type=&#8221;4_4&#8243; _builder_version=&#8221;3.0.47&#8243; parallax=&#8221;off&#8221; parallax_method=&#8221;on&#8221;][et_pb_text _builder_version=&#8221;3.0.87&#8243;]<\/p>\n<table>\n<tbody>\n<tr>\n<td style=\"width: 438.75px;\"><strong>Coordena\u00e7\u00e3o Geral<\/strong><\/td>\n<td style=\"width: 218.75px;\">Dr. Antonio Ostrensky<\/td>\n<td style=\"width: 150px;\">Ocean\u00f3logo<\/td>\n<td style=\"width: 43.75px;\"><a href=\"http:\/\/buscatextual.cnpq.br\/buscatextual\/visualizacv.do?id=K4723032E9\"><img decoding=\"async\" src=\"https:\/\/gia.org.br\/portal\/wp-content\/uploads\/2017\/11\/image.png\" alt=\"image.png\" width=\"30\" height=\"34\" \/><\/a><\/td>\n<\/tr>\n<tr>\n<td style=\"width: 438.75px;\">\u00a0<\/td>\n<td style=\"width: 218.75px;\">\u00a0<\/td>\n<td style=\"width: 150px;\">\u00a0<\/td>\n<td style=\"width: 43.75px;\">\u00a0<\/td>\n<\/tr>\n<tr>\n<td style=\"width: 438.75px;\"><strong>Coordenador do Centro de Aquicultura Marinha e Repovoamento (CAMAR)<\/strong><\/td>\n<td style=\"width: 218.75px;\">Dr. Ubirat\u00e3 de Assis Teixeira da Silva<\/td>\n<td style=\"width: 150px;\">M\u00e9dico Veterin\u00e1rio<\/td>\n<td style=\"width: 43.75px;\"><a href=\"http:\/\/buscatextual.cnpq.br\/buscatextual\/visualizacv.do?id=K4700788T6\"><img decoding=\"async\" src=\"https:\/\/gia.org.br\/portal\/wp-content\/uploads\/2017\/11\/image.png\" alt=\"image.png\" width=\"30\" height=\"34\" \/><\/a><\/td>\n<\/tr>\n<tr>\n<td style=\"width: 438.75px;\"><strong>Coordenadora do Laborat\u00f3rio de Histologia e Microbiologia (LHM)<\/strong><\/td>\n<td style=\"width: 218.75px;\">Dra. Gisela Geraldine Castilho-Westphal<\/td>\n<td style=\"width: 150px;\">M\u00e9dica Veterin\u00e1ria<\/td>\n<td style=\"width: 43.75px;\"><a href=\"http:\/\/buscatextual.cnpq.br\/buscatextual\/visualizacv.do?id=K4776520A6\"><img decoding=\"async\" src=\"https:\/\/gia.org.br\/portal\/wp-content\/uploads\/2017\/11\/image.png\" alt=\"image.png\" width=\"30\" height=\"34\" \/><\/a><\/td>\n<\/tr>\n<tr>\n<td style=\"width: 438.75px;\"><strong>Coordenador do Laborat\u00f3rio de Pesquisas com Organismos Aqu\u00e1ticos (LAPOA)<\/strong><\/td>\n<td style=\"width: 218.75px;\">MSc. Diego Junqueira Stevanato<\/td>\n<td style=\"width: 150px;\">Zootecnista<\/td>\n<td style=\"width: 43.75px;\"><a href=\"http:\/\/buscatextual.cnpq.br\/buscatextual\/visualizacv.do?id=K4430901U9\"><img decoding=\"async\" src=\"https:\/\/gia.org.br\/portal\/wp-content\/uploads\/2017\/11\/image.png\" alt=\"image.png\" width=\"30\" height=\"34\" \/><\/a><\/td>\n<\/tr>\n<tr>\n<td style=\"width: 851.25px;\" colspan=\"4\">\u00a0<\/td>\n<\/tr>\n<tr>\n<td style=\"width: 438.75px;\" rowspan=\"16\">\n<p><strong>Consultores\/Colaboradores\u00a0<\/strong><\/p>\n<\/td>\n<td style=\"width: 218.75px;\">Dra. Ana Silvia Pedrazzani<\/td>\n<td style=\"width: 150px;\">M\u00e9dica Veterin\u00e1ria<\/td>\n<td style=\"width: 43.75px;\">\u00a0<a href=\"http:\/\/buscatextual.cnpq.br\/buscatextual\/visualizacv.do?id=K4162103Z2\"><img decoding=\"async\" src=\"https:\/\/gia.org.br\/portal\/wp-content\/uploads\/2017\/11\/image.png\" alt=\"image.png\" width=\"30\" height=\"34\" \/><\/a><\/td>\n<\/tr>\n<tr>\n<td style=\"width: 218.75px;\">Dr. Carlos Eduardo Belz<\/td>\n<td style=\"width: 150px;\">M\u00e9dico Veterin\u00e1rio<\/td>\n<td style=\"width: 43.75px;\">\u00a0<a href=\"http:\/\/buscatextual.cnpq.br\/buscatextual\/visualizacv.do?id=K4701386J5\"><img decoding=\"async\" src=\"https:\/\/gia.org.br\/portal\/wp-content\/uploads\/2017\/11\/image.png\" alt=\"image.png\" width=\"30\" height=\"34\" \/><\/a><\/td>\n<\/tr>\n<tr>\n<td style=\"width: 218.75px;\">Diogo Barbalho Hungria<\/td>\n<td style=\"width: 150px;\">Biol\u00f3go<\/td>\n<td style=\"width: 43.75px;\">\u00a0<a href=\"http:\/\/lattes.cnpq.br\/3274026770302780\"><img decoding=\"async\" src=\"https:\/\/gia.org.br\/portal\/wp-content\/uploads\/2017\/11\/image.png\" alt=\"image.png\" width=\"30\" height=\"34\" \/><\/a><\/td>\n<\/tr>\n<tr>\n<td style=\"width: 218.75px;\">MSc. Jos\u00e9 Roberto Borghetti<\/td>\n<td style=\"width: 150px;\">Bi\u00f3logo<\/td>\n<td style=\"width: 43.75px;\">\u00a0<a href=\"http:\/\/buscatextual.cnpq.br\/buscatextual\/visualizacv.do?id=K4781388D1\"><img decoding=\"async\" src=\"https:\/\/gia.org.br\/portal\/wp-content\/uploads\/2017\/11\/image.png\" alt=\"image.png\" width=\"30\" height=\"34\" \/><\/a><\/td>\n<\/tr>\n<tr>\n<td style=\"width: 218.75px;\">Karin Escobar Yamashiro<\/td>\n<td style=\"width: 150px;\">Zootecnista<\/td>\n<td style=\"width: 43.75px;\">\u00a0<a href=\"http:\/\/buscatextual.cnpq.br\/buscatextual\/visualizacv.do?id=K4525630Y3\"><img decoding=\"async\" src=\"https:\/\/gia.org.br\/portal\/wp-content\/uploads\/2017\/11\/image.png\" alt=\"image.png\" width=\"30\" height=\"34\" \/><\/a><\/td>\n<\/tr>\n<tr>\n<td style=\"width: 218.75px;\">Kelly Ferreira Cottens<\/td>\n<td style=\"width: 150px;\">Bi\u00f3loga<\/td>\n<td style=\"width: 43.75px;\">\u00a0<a href=\"http:\/\/buscatextual.cnpq.br\/buscatextual\/visualizacv.do?id=K4762437T8\"><img decoding=\"async\" src=\"https:\/\/gia.org.br\/portal\/wp-content\/uploads\/2017\/11\/image.png\" alt=\"image.png\" width=\"30\" height=\"34\" \/><\/a><\/td>\n<\/tr>\n<tr>\n<td style=\"width: 218.75px;\">Dra. Larissa Lopes Mellinger<\/td>\n<td style=\"width: 150px;\">Bi\u00f3loga<\/td>\n<td style=\"width: 43.75px;\">\u00a0<a href=\"http:\/\/buscatextual.cnpq.br\/buscatextual\/visualizacv.do?id=K4700012J7\"><img decoding=\"async\" src=\"https:\/\/gia.org.br\/portal\/wp-content\/uploads\/2017\/11\/image.png\" alt=\"image.png\" width=\"30\" height=\"34\" \/><\/a><\/td>\n<\/tr>\n<tr>\n<td style=\"width: 218.75px;\">Dr. Leandro \u00c2ngelo Pereira<\/td>\n<td style=\"width: 150px;\">Bi\u00f3logo<\/td>\n<td style=\"width: 43.75px;\">\u00a0<a href=\"http:\/\/buscatextual.cnpq.br\/buscatextual\/visualizacv.do?id=K4770740J1\"><img decoding=\"async\" src=\"https:\/\/gia.org.br\/portal\/wp-content\/uploads\/2017\/11\/image.png\" alt=\"image.png\" width=\"30\" height=\"34\" \/><\/a><\/td>\n<\/tr>\n<tr>\n<td style=\"width: 218.75px;\">Leonardo Aguiar<\/td>\n<td style=\"width: 150px;\">Designer<\/td>\n<td style=\"width: 43.75px;\">\u00a0<img decoding=\"async\" src=\"https:\/\/gia.org.br\/portal\/wp-content\/uploads\/2017\/11\/image.png\" alt=\"image.png\" width=\"30\" height=\"34\" \/><\/td>\n<\/tr>\n<tr>\n<td style=\"width: 218.75px;\">MSc. Manuela Dreyer da Silva<\/td>\n<td style=\"width: 150px;\">Bi\u00f3loga<\/td>\n<td style=\"width: 43.75px;\">\u00a0<a href=\"http:\/\/buscatextual.cnpq.br\/buscatextual\/visualizacv.do?id=K4700194H6\"><img decoding=\"async\" src=\"https:\/\/gia.org.br\/portal\/wp-content\/uploads\/2017\/11\/image.png\" alt=\"image.png\" width=\"30\" height=\"34\" \/><\/a><\/td>\n<\/tr>\n<tr>\n<td style=\"width: 218.75px;\">Marcelo Ac\u00e1cio Chammas<\/td>\n<td style=\"width: 150px;\">Engenheiro de Pesca<\/td>\n<td style=\"width: 43.75px;\">\u00a0<a href=\"http:\/\/buscatextual.cnpq.br\/buscatextual\/visualizacv.do?id=K4176487T8\"><img decoding=\"async\" src=\"https:\/\/gia.org.br\/portal\/wp-content\/uploads\/2017\/11\/image.png\" alt=\"image.png\" width=\"30\" height=\"34\" \/><\/a><\/td>\n<\/tr>\n<tr>\n<td style=\"width: 218.75px;\">Dr. M\u00e1rcio Roberto Pie<\/td>\n<td style=\"width: 150px;\">Bi\u00f3logo<\/td>\n<td style=\"width: 43.75px;\">\u00a0<a href=\"http:\/\/buscatextual.cnpq.br\/buscatextual\/visualizacv.do?id=K4705539P6\"><img decoding=\"async\" src=\"https:\/\/gia.org.br\/portal\/wp-content\/uploads\/2017\/11\/image.png\" alt=\"image.png\" width=\"30\" height=\"34\" \/><\/a><\/td>\n<\/tr>\n<tr>\n<td style=\"width: 218.75px;\">MSc. Marcus Vinicius Fier Girotto<\/td>\n<td style=\"width: 150px;\">Zootecnista<\/td>\n<td style=\"width: 43.75px;\">\u00a0<a href=\"http:\/\/buscatextual.cnpq.br\/buscatextual\/visualizacv.do?id=K4238587J6\"><img decoding=\"async\" src=\"https:\/\/gia.org.br\/portal\/wp-content\/uploads\/2017\/11\/image.png\" alt=\"image.png\" width=\"30\" height=\"34\" \/><\/a><\/td>\n<\/tr>\n<tr>\n<td style=\"width: 218.75px;\">Dr. Roberto Montanhini Neto<\/td>\n<td style=\"width: 150px;\">M\u00e9dico Veterin\u00e1rio<\/td>\n<td style=\"width: 43.75px;\">\u00a0<a href=\"http:\/\/buscatextual.cnpq.br\/buscatextual\/visualizacv.do?id=K4214545E1\"><img decoding=\"async\" src=\"https:\/\/gia.org.br\/portal\/wp-content\/uploads\/2017\/11\/image.png\" alt=\"image.png\" width=\"30\" height=\"34\" \/><\/a><\/td>\n<\/tr>\n<tr>\n<td style=\"width: 218.75px;\">Dr.\u00a0 Robson Ventura de Souza<\/td>\n<td style=\"width: 150px;\">M\u00e9dico Veterin\u00e1rio<\/td>\n<td style=\"width: 43.75px;\"><a href=\"http:\/\/buscatextual.cnpq.br\/buscatextual\/visualizacv.do?id=K4113278H1\"><img decoding=\"async\" src=\"https:\/\/gia.org.br\/portal\/wp-content\/uploads\/2017\/11\/image.png\" alt=\"image.png\" width=\"30\" height=\"34\" \/><\/a><\/td>\n<\/tr>\n<tr>\n<td style=\"width: 218.75px;\">\u00a0<\/td>\n<td style=\"width: 150px;\">\u00a0<\/td>\n<td style=\"width: 43.75px;\">\u00a0<\/td>\n<\/tr>\n<tr>\n<td style=\"width: 851.25px;\" colspan=\"4\">\u00a0<\/td>\n<\/tr>\n<tr>\n<td style=\"width: 438.75px;\" rowspan=\"3\">\n<p><strong>P\u00f3s-Doutorandos<\/strong><\/p>\n<\/td>\n<td style=\"width: 218.75px;\">Dra. Aline Horodesk<\/td>\n<td style=\"width: 150px;\">Bi\u00f3loga<\/td>\n<td style=\"width: 43.75px;\">\u00a0<a href=\"http:\/\/buscatextual.cnpq.br\/buscatextual\/visualizacv.do?id=K4464144U0\"><img decoding=\"async\" src=\"https:\/\/gia.org.br\/portal\/wp-content\/uploads\/2017\/11\/image.png\" alt=\"image.png\" width=\"30\" height=\"34\" \/><\/a><\/td>\n<\/tr>\n<tr>\n<td style=\"width: 218.75px;\">Dra. Gisela Geraldine Castilho-Westphal<\/td>\n<td style=\"width: 150px;\">M\u00e9dica Veterin\u00e1ria<\/td>\n<td style=\"width: 43.75px;\">\u00a0<img decoding=\"async\" src=\"https:\/\/gia.org.br\/portal\/wp-content\/uploads\/2017\/11\/image.png\" alt=\"image.png\" width=\"30\" height=\"34\" \/><\/td>\n<\/tr>\n<tr>\n<td style=\"width: 218.75px;\">\n<p>\u00a0 Dr. Giorgi Dal Pont<\/p>\n<p>Dra. Nathieli Cozer<\/p>\n<\/td>\n<td style=\"width: 150px;\">\n<p>Zootecnista<\/p>\n<p>Engenheira de Pesca<\/p>\n<\/td>\n<td style=\"width: 43.75px;\">\n<p><a href=\"http:\/\/buscatextual.cnpq.br\/buscatextual\/visualizacv.do?id=K4551201J6\"><img decoding=\"async\" src=\"https:\/\/gia.org.br\/portal\/wp-content\/uploads\/2017\/11\/image.png\" alt=\"image.png\" width=\"30\" height=\"34\" \/><\/a><\/p>\n<p><img decoding=\"async\" src=\"https:\/\/gia.org.br\/portal\/wp-content\/uploads\/2017\/11\/image.png\" alt=\"image.png\" width=\"30\" height=\"34\" \/><\/p>\n<\/td>\n<\/tr>\n<tr>\n<td style=\"width: 851.25px;\" colspan=\"4\">\u00a0<\/td>\n<\/tr>\n<tr>\n<td style=\"width: 438.75px;\" rowspan=\"5\">\n<p><strong>Doutorandos<\/strong><\/p>\n<\/td>\n<td style=\"width: 218.75px;\">MSc. Camila P. S. Tavares<\/td>\n<td style=\"width: 150px;\">Tecn\u00f3loga em Aquicultura<\/td>\n<td style=\"width: 43.75px;\">\u00a0<a href=\"http:\/\/buscatextual.cnpq.br\/buscatextual\/visualizacv.do?id=K4475139J7\"><img decoding=\"async\" src=\"https:\/\/gia.org.br\/portal\/wp-content\/uploads\/2017\/11\/image.png\" alt=\"image.png\" width=\"30\" height=\"34\" \/><\/a><\/td>\n<\/tr>\n<tr>\n<td style=\"width: 218.75px;\">MSc. Diego Stevanato Junqueira<\/td>\n<td style=\"width: 150px;\">Zootecnista<\/td>\n<td style=\"width: 43.75px;\">\u00a0<a href=\"http:\/\/buscatextual.cnpq.br\/buscatextual\/visualizacv.do?id=K4430901U9\"><img decoding=\"async\" src=\"https:\/\/gia.org.br\/portal\/wp-content\/uploads\/2017\/11\/image.png\" alt=\"image.png\" width=\"30\" height=\"34\" \/><\/a><\/td>\n<\/tr>\n<tr>\n<td style=\"width: 218.75px;\">MSc. Michele Maruska Mader<\/td>\n<td style=\"width: 150px;\">\u00a0Engenheira Ambiental<\/td>\n<td style=\"width: 43.75px;\">\u00a0<\/td>\n<\/tr>\n<tr>\n<td style=\"width: 218.75px;\">MSc. Ana Paula da Silva Bert\u00e3o<\/td>\n<td style=\"width: 150px;\">Engenheira de Pesca<\/td>\n<td style=\"width: 43.75px;\"><img decoding=\"async\" src=\"https:\/\/gia.org.br\/portal\/wp-content\/uploads\/2017\/11\/image.png\" alt=\"image.png\" width=\"30\" height=\"34\" \/><\/td>\n<\/tr>\n<tr>\n<td style=\"width: 218.75px;\">MSc. Rosana do Nascimento Ribeiro<\/td>\n<td style=\"width: 150px;\">\u00a0M\u00e9dica Veterin\u00e1ria<\/td>\n<td style=\"width: 43.75px;\">\u00a0<\/td>\n<\/tr>\n<tr>\n<td style=\"width: 851.25px;\" colspan=\"4\">\u00a0<\/td>\n<\/tr>\n<tr>\n<td style=\"width: 438.75px;\" rowspan=\"3\">\n<p><strong>Mestrandos<\/strong><\/p>\n<\/td>\n<td style=\"width: 218.75px;\">Fabr\u00edcio Salvador Vidal<\/td>\n<td style=\"width: 150px;\">Bi\u00f3logo<\/td>\n<td style=\"width: 43.75px;\">\u00a0<a href=\"http:\/\/lattes.cnpq.br\/3000972945870325\"><img decoding=\"async\" src=\"https:\/\/gia.org.br\/portal\/wp-content\/uploads\/2017\/11\/image.png\" alt=\"image.png\" width=\"30\" height=\"34\" \/><\/a><\/td>\n<\/tr>\n<tr>\n<td style=\"width: 218.75px;\">Vitor Gomes Rossi<\/td>\n<td style=\"width: 150px;\">M\u00e9dico Veterin\u00e1rio<\/td>\n<td style=\"width: 43.75px;\">\u00a0<img decoding=\"async\" src=\"https:\/\/gia.org.br\/portal\/wp-content\/uploads\/2017\/11\/image.png\" alt=\"image.png\" width=\"30\" height=\"34\" \/><\/td>\n<\/tr>\n<tr>\n<td style=\"width: 218.75px;\">\n<p>Rafael da Cunha Piva<\/p>\n<p>\u00a0<\/p>\n<p>Ra\u00edssa Vit\u00f3ria Vieira Leite<\/p>\n<\/td>\n<td style=\"width: 150px;\">\n<p>Bi\u00f3logo<\/p>\n<p>\u00a0<\/p>\n<p>Bi\u00f3loga<\/p>\n<\/td>\n<td style=\"width: 43.75px;\">\n<p><a href=\"http:\/\/buscatextual.cnpq.br\/buscatextual\/visualizacv.do?id=K4263679D4\"><img decoding=\"async\" src=\"https:\/\/gia.org.br\/portal\/wp-content\/uploads\/2017\/11\/image.png\" alt=\"image.png\" width=\"30\" height=\"34\" \/><\/a><\/p>\n<p>\u00a0<\/p>\n<p><a href=\"http:\/\/buscatextual.cnpq.br\/buscatextual\/visualizacv.do?id=K4366489Y2\"><img decoding=\"async\" src=\"https:\/\/gia.org.br\/portal\/wp-content\/uploads\/2017\/11\/image.png\" alt=\"image.png\" width=\"30\" height=\"34\" \/><\/a><\/p>\n<\/td>\n<\/tr>\n<tr>\n<td style=\"width: 851.25px;\" colspan=\"4\">\u00a0<\/td>\n<\/tr>\n<tr>\n<td style=\"width: 438.75px;\" rowspan=\"4\">\n<p><strong>Acad\u00eamicos<\/strong><\/p>\n<\/td>\n<td style=\"width: 218.75px;\">Roger Felipe<\/td>\n<td style=\"width: 150px;\">Medicina\u00a0 Veterin\u00e1ria<\/td>\n<td style=\"width: 43.75px;\">\u00a0<\/td>\n<\/tr>\n<tr>\n<td style=\"width: 218.75px;\">Felipe Kacham de Carvalho<\/td>\n<td style=\"width: 150px;\">Zootecnia<\/td>\n<td style=\"width: 43.75px;\">\u00a0<\/td>\n<\/tr>\n<tr>\n<td style=\"width: 218.75px;\">Gabriel Lemos<\/td>\n<td style=\"width: 150px;\">Zootecnia<\/td>\n<td style=\"width: 43.75px;\">\u00a0<\/td>\n<\/tr>\n<tr>\n<td style=\"width: 218.75px;\">C\u00e9sar Nakao\u00a0<\/td>\n<td style=\"width: 150px;\">Medicina Veterin\u00e1ria<\/td>\n<td style=\"width: 43.75px;\">\u00a0<\/td>\n<\/tr>\n<\/tbody>\n<\/table>\n<p>[\/et_pb_text][\/et_pb_column][\/et_pb_row][\/et_pb_section]<\/p>\t\t\t\t\t\t\t\t<\/div>\n\t\t\t\t<\/div>\n\t\t\t\t\t<\/div>\n\t\t<\/div>\n\t\t\t\t\t<\/div>\n\t\t<\/section>\n\t\t\t\t<\/div>\n\t\t","protected":false},"excerpt":{"rendered":"<p>[et_pb_section fb_built=&#8221;1&#8243; fullwidth=&#8221;on&#8221; _builder_version=&#8221;3.0.87&#8243;][et_pb_fullwidth_header title=&#8221;Equipe&#8221; background_layout=&#8221;dark&#8221; text_orientation=&#8221;center&#8221; _builder_version=&#8221;3.0.86&#8243; title_font_size=&#8221;29px&#8221; background_color=&#8221;#165a9b&#8221; background_image=&#8221;https:\/\/gia.org.br\/portal\/wp-content\/uploads\/2017\/11\/topo.png&#8221; custom_padding=&#8221;15px||15px|&#8221;][\/et_pb_fullwidth_header][\/et_pb_section][et_pb_section fb_built=&#8221;1&#8243; _builder_version=&#8221;3.0.47&#8243;][et_pb_row _builder_version=&#8221;3.0.47&#8243; background_size=&#8221;initial&#8221; background_position=&#8221;top_left&#8221; background_repeat=&#8221;repeat&#8221;][et_pb_column type=&#8221;4_4&#8243; _builder_version=&#8221;3.0.47&#8243; parallax=&#8221;off&#8221; parallax_method=&#8221;on&#8221;][et_pb_text _builder_version=&#8221;3.0.87&#8243;] Coordena\u00e7\u00e3o Geral Dr. Antonio Ostrensky Ocean\u00f3logo \u00a0 \u00a0 \u00a0 \u00a0 Coordenador do Centro de Aquicultura Marinha e Repovoamento (CAMAR) Dr. Ubirat\u00e3 de Assis Teixeira da Silva M\u00e9dico Veterin\u00e1rio Coordenadora do Laborat\u00f3rio de [&hellip;]<\/p>\n","protected":false},"author":1,"featured_media":0,"parent":0,"menu_order":0,"comment_status":"closed","ping_status":"closed","template":"","meta":{"jnews_page_loop":[],"jnews_single_page":[],"footnotes":""},"class_list":["post-192","page","type-page","status-publish","hentry"],"_links":{"self":[{"href":"https:\/\/gia.org.br\/portal\/wp-json\/wp\/v2\/pages\/192","targetHints":{"allow":["GET"]}}],"collection":[{"href":"https:\/\/gia.org.br\/portal\/wp-json\/wp\/v2\/pages"}],"about":[{"href":"https:\/\/gia.org.br\/portal\/wp-json\/wp\/v2\/types\/page"}],"author":[{"embeddable":true,"href":"https:\/\/gia.org.br\/portal\/wp-json\/wp\/v2\/users\/1"}],"replies":[{"embeddable":true,"href":"https:\/\/gia.org.br\/portal\/wp-json\/wp\/v2\/comments?post=192"}],"version-history":[{"count":9,"href":"https:\/\/gia.org.br\/portal\/wp-json\/wp\/v2\/pages\/192\/revisions"}],"predecessor-version":[{"id":14857,"href":"https:\/\/gia.org.br\/portal\/wp-json\/wp\/v2\/pages\/192\/revisions\/14857"}],"wp:attachment":[{"href":"https:\/\/gia.org.br\/portal\/wp-json\/wp\/v2\/media?parent=192"}],"curies":[{"name":"wp","href":"https:\/\/api.w.org\/{rel}","templated":true}]}}