{"id":183,"date":"2017-11-13T16:25:20","date_gmt":"2017-11-13T16:25:20","guid":{"rendered":"https:\/\/gia.org.br\/portal\/?page_id=183"},"modified":"2021-04-01T10:19:02","modified_gmt":"2021-04-01T13:19:02","slug":"historico-de-diretorias","status":"publish","type":"page","link":"https:\/\/gia.org.br\/portal\/historico-de-diretorias\/","title":{"rendered":"Hist\u00f3rico de Diretorias"},"content":{"rendered":"\t\t<div data-elementor-type=\"wp-page\" data-elementor-id=\"183\" class=\"elementor elementor-183\" data-elementor-post-type=\"page\">\n\t\t\t\t\t\t<section class=\"elementor-section elementor-top-section elementor-element elementor-element-f59ff5e elementor-section-boxed elementor-section-height-default elementor-section-height-default exad-glass-effect-no exad-sticky-section-no\" data-id=\"f59ff5e\" data-element_type=\"section\">\n\t\t\t\t\t\t<div class=\"elementor-container elementor-column-gap-default\">\n\t\t\t\t\t<div class=\"elementor-column elementor-col-100 elementor-top-column elementor-element elementor-element-27f87279 exad-glass-effect-no exad-sticky-section-no\" data-id=\"27f87279\" data-element_type=\"column\">\n\t\t\t<div class=\"elementor-widget-wrap elementor-element-populated\">\n\t\t\t\t\t\t<div class=\"elementor-element elementor-element-699ef1ff exad-sticky-section-no exad-glass-effect-no elementor-widget elementor-widget-text-editor\" data-id=\"699ef1ff\" data-element_type=\"widget\" data-widget_type=\"text-editor.default\">\n\t\t\t\t<div class=\"elementor-widget-container\">\n\t\t\t\t\t\t\t\t\t<table style=\"background-color: #fafafa;\" width=\"100%\"><tbody><tr><td style=\"text-align: center;\"><strong>27 de setembro de 2011<\/strong><\/td><\/tr><tr><td>Nova diretoria, novo estatuto.<\/td><\/tr><tr><td>Sede: Curitiba, PR<\/td><\/tr><tr><td><strong>Diretor Presidente:<\/strong><\/td><td>Gisela Geraldine Castilho-Westphal<\/td><\/tr><tr><td><strong>Diretor Vice-presidente:<\/strong><\/td><td>Rafael Antunes Baggio<\/td><\/tr><tr><td><strong>Diretor Administrativo Financeiro:<\/strong><\/td><td>Franklin Rodrigo Rygaard Maia de Siqueira<\/td><\/tr><tr><td>Fernanda Barros Gueiros (suplente)<\/td><\/tr><tr><td><strong>Conselho de Administra\u00e7\u00e3o:<\/strong><\/td><td>Gisela Geraldine Castilho-Westphal\u00a0 (Presidente)<\/td><\/tr><tr><td>Thayzi de Oliveira Zeni<\/td><\/tr><tr><td>Jos\u00e9 Milton Moreira Carri\u00e7o<\/td><\/tr><tr><td><strong>Conselho Fiscal:<\/strong><\/td><td>Giorgi Dal Pont<\/td><\/tr><tr><td>Marcela Em\u00edlia Lima Santos Rygaard<\/td><\/tr><tr><td>Roberto Montanhini Neto (suplente)<\/td><\/tr><\/tbody><\/table><table style=\"background-color: #fafafa;\" width=\"100%\"><tbody><tr><td style=\"text-align: center;\"><strong>17 de fevereiro de 2010<\/strong><\/td><\/tr><tr><td>Nova Diretoria<\/td><\/tr><tr><td><strong>Diretor Presidente:<\/strong><\/td><td>Gisela Geraldine Castilho-Westphal<\/td><\/tr><tr><td><strong>Diretor Administrativo Financeiro:<\/strong><\/td><td>Jorge Esp\u00edrito Santo de Almeida<\/td><\/tr><tr><td><strong>Conselho de Administra\u00e7\u00e3o:<\/strong><\/td><td>Gisela Geraldine Castilho-Westphal\u00a0 (Presidente)<\/td><\/tr><tr><td>Fl\u00e1vio Miranda Marteleto<\/td><\/tr><tr><td>Alethia Constanza Mu\u00f1oz Pereira<\/td><\/tr><tr><td>Cristiane de Ara\u00fajo Ivankiu<\/td><\/tr><tr><td>Jos\u00e9 Milton Moreira Carri\u00e7o<\/td><\/tr><tr><td><strong>Conselho Fiscal:<\/strong><\/td><td>Karin Cristina Escobar Yamashiro<\/td><\/tr><tr><td>Francis Mara Vieria Schuster Pinto<\/td><\/tr><tr><td>Franklin Rodrigo Rygaard Maia<\/td><\/tr><tr><td>Gabriel Corr\u00eaa Wandembruck (suplente)<\/td><\/tr><\/tbody><\/table><table style=\"background-color: #fafafa;\" width=\"100%\"><tbody><tr><td style=\"text-align: center;\"><strong>07 de janeiro de 2008<\/strong><\/td><\/tr><tr><td>Altera\u00e7\u00e3o da composi\u00e7\u00e3o da diretoria<\/td><\/tr><tr><td width=\"40%\"><strong>Diretor Presidente:<\/strong><\/td><td width=\"60%\">Eng. Pesca Jos\u00e9 Milton Moreira Carri\u00e7o<\/td><\/tr><tr><td><strong>Diretor Administrativo Financeiro:<\/strong><\/td><td>Debora Pestana da Silva<\/td><\/tr><tr><td><strong>Conselho de Administra\u00e7\u00e3o:<\/strong><\/td><td>Jos\u00e9 Milton Moreira Carri\u00e7o (Presidente)<\/td><\/tr><tr><td>Walter Antonio Pereira Boeger<\/td><\/tr><tr><td>Marcelo Ac\u00e1cio Chammas<\/td><\/tr><tr><td>M\u00e1rcio Roberto Pie<\/td><\/tr><tr><td>Ana Rosa da Rocha Ara\u00fajo<\/td><\/tr><tr><td><strong>Conselho Fiscal:<\/strong><\/td><td>Gisela Geraldine Castilho<\/td><\/tr><tr><td>Kelly Ferreira Cottens<\/td><\/tr><tr><td>Maria Cec\u00edlia Nunes da Silva<\/td><\/tr><tr><td>Salustiano Marques dos Santos (suplente)<\/td><\/tr><\/tbody><\/table><table style=\"background-color: #fafafa;\" width=\"100%\"><tbody><tr><td style=\"text-align: center;\"><strong>24 de abril de 2007<\/strong><\/td><\/tr><tr><td>Modifica\u00e7\u00e3o do nome para Instituto GIA<\/td><\/tr><tr><td>Sede: Aracaju, SE<\/td><\/tr><tr><td width=\"40%\"><strong>Diretor Presidente:<\/strong><\/td><td width=\"60%\">Eng. Pesca Jos\u00e9 Milton Moreira Carri\u00e7o<\/td><\/tr><tr><td><strong>Diretor Administrativo Financeiro:<\/strong><\/td><td>M\u00e1rcio Roberto Pie<\/td><\/tr><tr><td><strong>Conselho de Administra\u00e7\u00e3o:<\/strong><\/td><td>Jos\u00e9 Milton Moreira Carri\u00e7o(Presidente)<\/td><\/tr><tr><td>Antonio Ostrensky Neto<\/td><\/tr><tr><td>Walter Antonio Pereira Boeger<\/td><\/tr><tr><td>Marcelo Ac\u00e1cio Chammas<\/td><\/tr><tr><td>Paulo C\u00e9sar Falanghe Carneiro<\/td><\/tr><tr><td><strong>Conselho Fiscal:<\/strong><\/td><td>Gisela Geraldine Castilho<\/td><\/tr><tr><td>Kelly Ferreira Cottens<\/td><\/tr><tr><td>Maria Cec\u00edlia Nunes da Silva<\/td><\/tr><tr><td>Salustiano Marques dos Santos (suplente)<\/td><\/tr><\/tbody><\/table><table style=\"background-color: #fafafa;\" width=\"100%\"><tbody><tr><td style=\"text-align: center;\"><strong>20 de outubro de 2002<\/strong><\/td><\/tr><tr><td>Funda\u00e7\u00e3o do Centro de Desenvolvimento Sustent\u00e1vel Le\u00e3o do Norte<\/td><\/tr><tr><td>Sede: Recife, PE<\/td><\/tr><tr><td width=\"40%\"><strong>Coordenador-Geral:<\/strong><\/td><td width=\"60%\">Eng. Pesca Jos\u00e9 Milton Moreira Carri\u00e7o<\/td><\/tr><tr><td><strong>Vice:<\/strong><\/td><td>\u00a0Luciene de Souza e Silva<\/td><\/tr><tr><td><strong>Coordenador Administrativo:<\/strong><\/td><td>Robson Campelo de Souza<\/td><\/tr><tr><td><strong>Primeira Secret\u00e1ria:<\/strong><\/td><td>Maria de Lourdes Rodrigues de Oliveira<\/td><\/tr><tr><td><strong>Segundo Secret\u00e1rio:<\/strong><\/td><td>Francisco Adriano Lins Mascarenhas<\/td><\/tr><tr><td><strong>Conselho Fiscal:<\/strong><\/td><td>Manuel Cosme de Carvalho Filho<\/td><\/tr><tr><td>\u00a0Josenildo Souza e Silva<\/td><\/tr><tr><td>\u00a0Maria Edvanice de Souza G\u00f3is<\/td><\/tr><\/tbody><\/table>\t\t\t\t\t\t\t\t<\/div>\n\t\t\t\t<\/div>\n\t\t\t\t\t<\/div>\n\t\t<\/div>\n\t\t\t\t\t<\/div>\n\t\t<\/section>\n\t\t\t\t<\/div>\n\t\t","protected":false},"excerpt":{"rendered":"<p>27 de setembro de 2011 Nova diretoria, novo estatuto. Sede: Curitiba, PR Diretor Presidente: Gisela Geraldine Castilho-Westphal Diretor Vice-presidente: Rafael Antunes Baggio Diretor Administrativo Financeiro: Franklin Rodrigo Rygaard Maia de Siqueira Fernanda Barros Gueiros (suplente) Conselho de Administra\u00e7\u00e3o: Gisela Geraldine Castilho-Westphal\u00a0 (Presidente) Thayzi de Oliveira Zeni Jos\u00e9 Milton Moreira Carri\u00e7o Conselho Fiscal: Giorgi Dal Pont [&hellip;]<\/p>\n","protected":false},"author":1,"featured_media":0,"parent":0,"menu_order":0,"comment_status":"closed","ping_status":"closed","template":"","meta":{"jnews_page_loop":{"first_title":"Latest Post","second_title":"","header_type":"heading_6","header_background":"","header_text_color":"","layout":"right-sidebar","sidebar":"default-sidebar","second_sidebar":"default-sidebar","sticky_sidebar":"1","module":"3","excerpt_length":"20","content_date":"default","date_custom":"Y\/m\/d","content_pagination":"nav_1","pagination_align":"center","post_offset":"0","posts_per_page":"5","include_post":"","exclude_post":"","include_category":"","exclude_category":"","include_author":"","include_tag":"","exclude_tag":"","sort_by":"latest"},"jnews_single_page":{"layout":"right-sidebar","sidebar":"default-sidebar","second_sidebar":"default-sidebar","sticky_sidebar":"1","show_post_featured":"1","share_position":"top","share_color":"share-monocrhome"},"footnotes":""},"class_list":["post-183","page","type-page","status-publish","hentry"],"_links":{"self":[{"href":"https:\/\/gia.org.br\/portal\/wp-json\/wp\/v2\/pages\/183","targetHints":{"allow":["GET"]}}],"collection":[{"href":"https:\/\/gia.org.br\/portal\/wp-json\/wp\/v2\/pages"}],"about":[{"href":"https:\/\/gia.org.br\/portal\/wp-json\/wp\/v2\/types\/page"}],"author":[{"embeddable":true,"href":"https:\/\/gia.org.br\/portal\/wp-json\/wp\/v2\/users\/1"}],"replies":[{"embeddable":true,"href":"https:\/\/gia.org.br\/portal\/wp-json\/wp\/v2\/comments?post=183"}],"version-history":[{"count":0,"href":"https:\/\/gia.org.br\/portal\/wp-json\/wp\/v2\/pages\/183\/revisions"}],"wp:attachment":[{"href":"https:\/\/gia.org.br\/portal\/wp-json\/wp\/v2\/media?parent=183"}],"curies":[{"name":"wp","href":"https:\/\/api.w.org\/{rel}","templated":true}]}}