{"id":178,"date":"2017-11-13T15:56:33","date_gmt":"2017-11-13T15:56:33","guid":{"rendered":"https:\/\/gia.org.br\/portal\/?page_id=178"},"modified":"2021-04-01T10:00:02","modified_gmt":"2021-04-01T13:00:02","slug":"o-que-fazemos","status":"publish","type":"page","link":"https:\/\/gia.org.br\/portal\/o-que-fazemos\/","title":{"rendered":"O que fazemos?"},"content":{"rendered":"\t\t<div data-elementor-type=\"wp-page\" data-elementor-id=\"178\" class=\"elementor elementor-178\" data-elementor-post-type=\"page\">\n\t\t\t\t\t\t<section class=\"elementor-section elementor-top-section elementor-element elementor-element-5b6664cb elementor-section-boxed elementor-section-height-default elementor-section-height-default exad-glass-effect-no exad-sticky-section-no\" data-id=\"5b6664cb\" data-element_type=\"section\">\n\t\t\t\t\t\t<div class=\"elementor-container elementor-column-gap-default\">\n\t\t\t\t\t<div class=\"elementor-column elementor-col-100 elementor-top-column elementor-element elementor-element-302403d9 exad-glass-effect-no exad-sticky-section-no\" data-id=\"302403d9\" data-element_type=\"column\">\n\t\t\t<div class=\"elementor-widget-wrap elementor-element-populated\">\n\t\t\t\t\t\t<div class=\"elementor-element elementor-element-46af7527 exad-sticky-section-no exad-glass-effect-no elementor-widget elementor-widget-text-editor\" data-id=\"46af7527\" data-element_type=\"widget\" data-widget_type=\"text-editor.default\">\n\t\t\t\t<div class=\"elementor-widget-container\">\n\t\t\t\t\t\t\t\t\t<p><span style=\"text-align: justify; color: var( --e-global-color-text );\">Desde a sua cria\u00e7\u00e3o, em 1998, o Grupo Integrado de Aquicultura e Estudos Ambientais (GIA) tem se destacado no Brasil tanto na forma\u00e7\u00e3o e qualifica\u00e7\u00e3o de pesquisadores quanto como um n\u00facleo de excel\u00eancia no desenvolvimento e aplica\u00e7\u00e3o de ferramentas t\u00e9cnico-cient\u00edficas para:<\/span><\/p>\n<ul>\n<li style=\"text-align: justify;\">O estabelecimento de programas de desenvolvimento socioambiental e de resgate cultural;<\/li>\n<li style=\"text-align: justify;\">A gera\u00e7\u00e3o de renda junto \u00e0s comunidades litor\u00e2neas tradicionais a partir da pesca, da aquicultura, do turismo e do artesanato;<\/li>\n<li style=\"text-align: justify;\">O planejamento e apoio \u00e0 formula\u00e7\u00e3o de pol\u00edticas p\u00fablicas;<\/li>\n<li style=\"text-align: justify;\">No zoneamento marinho e continental para a instala\u00e7\u00e3o de empreendimentos aqu\u00edcolas;<\/li>\n<li style=\"text-align: justify;\">O desenvolvimento de projetos comerciais de aquicultura (produ\u00e7\u00e3o e o cultivo de organismos aqu\u00e1ticos);<\/li>\n<li style=\"text-align: justify;\">O manejo e o uso sustent\u00e1vel de recursos aqu\u00e1ticos;<\/li>\n<li style=\"text-align: justify;\">A avalia\u00e7\u00e3o, no monitoramento e na ado\u00e7\u00e3o de medidas de mitiga\u00e7\u00e3o de impactos ambientais;<\/li>\n<li style=\"text-align: justify;\">A quantifica\u00e7\u00e3o e valora\u00e7\u00e3o de danos ambientais;<\/li>\n<li style=\"text-align: justify;\">O zoneamento e planejamento de programas de ocupa\u00e7\u00e3o e desenvolvimento territorial;<\/li>\n<li style=\"text-align: justify;\">A recupera\u00e7\u00e3o de ambientes degradados\/alterados;<\/li>\n<li style=\"text-align: justify;\">A identifica\u00e7\u00e3o de patologias de organismos aqu\u00e1ticos;<\/li>\n<li style=\"text-align: justify;\">Monitoramento de esp\u00e9cies ex\u00f3ticas em reservat\u00f3rios e usinas hidrel\u00e9tricas;<\/li>\n<li style=\"text-align: justify;\">O desenvolvimento de ferramentas gen\u00e9ticas de \u00faltima gera\u00e7\u00e3o para avalia\u00e7\u00e3o e resolu\u00e7\u00e3o de problemas ambientais e sanit\u00e1rios;<\/li>\n<\/ul>\n<p style=\"text-align: justify;\">O \u00a0GIA tem desenvolvido trabalhos e projetos de pesquisa nas mais variadas \u00e1reas relacionadas aos ambientes e aos organismos aqu\u00e1ticos, tanto continentais quanto marinhos, como sintetizado na figura abaixo.<\/p>\t\t\t\t\t\t\t\t<\/div>\n\t\t\t\t<\/div>\n\t\t\t\t<div class=\"elementor-element elementor-element-cc58a1b exad-sticky-section-no exad-glass-effect-no elementor-widget elementor-widget-image\" data-id=\"cc58a1b\" data-element_type=\"widget\" data-widget_type=\"image.default\">\n\t\t\t\t<div class=\"elementor-widget-container\">\n\t\t\t\t\t\t\t\t\t\t\t\t\t\t\t<img fetchpriority=\"high\" decoding=\"async\" width=\"768\" height=\"883\" src=\"https:\/\/gia.org.br\/portal\/wp-content\/uploads\/2017\/11\/Fluxograma_GIA-768x883.jpg\" class=\"attachment-medium_large size-medium_large wp-image-179\" alt=\"\" srcset=\"https:\/\/gia.org.br\/portal\/wp-content\/uploads\/2017\/11\/Fluxograma_GIA-768x883.jpg 768w, https:\/\/gia.org.br\/portal\/wp-content\/uploads\/2017\/11\/Fluxograma_GIA-750x862.jpg 750w, https:\/\/gia.org.br\/portal\/wp-content\/uploads\/2017\/11\/Fluxograma_GIA-1140x1310.jpg 1140w, https:\/\/gia.org.br\/portal\/wp-content\/uploads\/2017\/11\/Fluxograma_GIA-261x300.jpg 261w, https:\/\/gia.org.br\/portal\/wp-content\/uploads\/2017\/11\/Fluxograma_GIA-891x1024.jpg 891w, https:\/\/gia.org.br\/portal\/wp-content\/uploads\/2017\/11\/Fluxograma_GIA-440x506.jpg 440w, https:\/\/gia.org.br\/portal\/wp-content\/uploads\/2017\/11\/Fluxograma_GIA-627x720.jpg 627w\" sizes=\"(max-width: 768px) 100vw, 768px\" \/>\t\t\t\t\t\t\t\t\t\t\t\t\t\t\t<\/div>\n\t\t\t\t<\/div>\n\t\t\t\t\t<\/div>\n\t\t<\/div>\n\t\t\t\t\t<\/div>\n\t\t<\/section>\n\t\t\t\t<\/div>\n\t\t","protected":false},"excerpt":{"rendered":"<p>Desde a sua cria\u00e7\u00e3o, em 1998, o Grupo Integrado de Aquicultura e Estudos Ambientais (GIA) tem se destacado no Brasil tanto na forma\u00e7\u00e3o e qualifica\u00e7\u00e3o de pesquisadores quanto como um n\u00facleo de excel\u00eancia no desenvolvimento e aplica\u00e7\u00e3o de ferramentas t\u00e9cnico-cient\u00edficas para: O estabelecimento de programas de desenvolvimento socioambiental e de resgate cultural; A gera\u00e7\u00e3o de [&hellip;]<\/p>\n","protected":false},"author":1,"featured_media":0,"parent":0,"menu_order":0,"comment_status":"closed","ping_status":"closed","template":"","meta":{"jnews_page_loop":{"first_title":"Latest Post","second_title":"","header_type":"heading_6","header_background":"","header_text_color":"","layout":"right-sidebar","sidebar":"default-sidebar","second_sidebar":"default-sidebar","sticky_sidebar":"1","module":"3","excerpt_length":"20","content_date":"default","date_custom":"Y\/m\/d","content_pagination":"nav_1","pagination_align":"center","post_offset":"0","posts_per_page":"5","include_post":"","exclude_post":"","include_category":"","exclude_category":"","include_author":"","include_tag":"","exclude_tag":"","sort_by":"latest"},"jnews_single_page":{"layout":"right-sidebar","sidebar":"default-sidebar","second_sidebar":"default-sidebar","sticky_sidebar":"1","show_post_featured":"1","share_position":"top","share_color":"share-monocrhome"},"footnotes":""},"class_list":["post-178","page","type-page","status-publish","hentry"],"_links":{"self":[{"href":"https:\/\/gia.org.br\/portal\/wp-json\/wp\/v2\/pages\/178","targetHints":{"allow":["GET"]}}],"collection":[{"href":"https:\/\/gia.org.br\/portal\/wp-json\/wp\/v2\/pages"}],"about":[{"href":"https:\/\/gia.org.br\/portal\/wp-json\/wp\/v2\/types\/page"}],"author":[{"embeddable":true,"href":"https:\/\/gia.org.br\/portal\/wp-json\/wp\/v2\/users\/1"}],"replies":[{"embeddable":true,"href":"https:\/\/gia.org.br\/portal\/wp-json\/wp\/v2\/comments?post=178"}],"version-history":[{"count":0,"href":"https:\/\/gia.org.br\/portal\/wp-json\/wp\/v2\/pages\/178\/revisions"}],"wp:attachment":[{"href":"https:\/\/gia.org.br\/portal\/wp-json\/wp\/v2\/media?parent=178"}],"curies":[{"name":"wp","href":"https:\/\/api.w.org\/{rel}","templated":true}]}}