{"id":1778,"date":"2017-11-30T13:49:51","date_gmt":"2017-11-30T15:49:51","guid":{"rendered":"https:\/\/gia.org.br\/portal\/?page_id=1778"},"modified":"2017-11-30T13:49:51","modified_gmt":"2017-11-30T15:49:51","slug":"monografias","status":"publish","type":"page","link":"https:\/\/gia.org.br\/portal\/monografias\/","title":{"rendered":"Monografias"},"content":{"rendered":"<table>\n<tbody>\n<tr style=\"background: #002060; color: #fff;\">\n<td width=\"10%\"><strong>Ano<\/strong><\/td>\n<td width=\"70%\"><strong>T\u00edtulo<\/strong><\/td>\n<td width=\"20%\"><strong>Autor<\/strong><\/td>\n<\/tr>\n<tr>\n<td><strong>\u00a02011<\/strong><\/td>\n<td><a href=\"https:\/\/gia.org.br\/portal\/wp-content\/uploads\/2013\/05\/mariana2011.pdf\">Proposta de gerenciamento ambiental de parques aqu\u00edcolas continentais, baseado nos impactos da piscicultura em tanque-rede<\/a><\/td>\n<td><strong><strong>Mariana Figur Seide<\/strong><\/strong><\/td>\n<\/tr>\n<tr>\n<td><strong>2008<\/strong><\/td>\n<td><a href=\"https:\/\/gia.org.br\/portal\/wp-content\/uploads\/2013\/05\/Monografia-Karin-pdf.pdf\">Manejo na produ\u00e7\u00e3o e comercializa\u00e7\u00e3o de alevinos (Piscicultura Panam\u00e1, Santa Catarina).<\/a><\/td>\n<td><strong>Karin Cristina Escobar Yamashiro<\/strong><\/td>\n<\/tr>\n<tr>\n<td><strong>2008<\/strong><\/td>\n<td><a href=\"https:\/\/gia.org.br\/portal\/wp-content\/uploads\/2013\/05\/2008especies.pdf\">Esp\u00e9cies de Prochilodus (Characiformes, Prochilodontidae) cultivados na regi\u00e3o do Baixo Rio S\u00e3o Francisco reveladas pela T\u00e9cnica de DNA Barcode.<\/a><\/td>\n<td><strong>Fl\u00e1vio Miranda Marteleto<\/strong><\/td>\n<\/tr>\n<tr>\n<td><strong>2008<\/strong><\/td>\n<td><a href=\"https:\/\/gia.org.br\/portal\/wp-content\/uploads\/2013\/05\/2008gestaoqualidade.pdf\">Implanta\u00e7\u00e3o das boas pr\u00e1ticas de fabrica\u00e7\u00e3o em ind\u00fastria de pescado.<\/a><\/td>\n<td><strong>Cristiane Ivankiu<\/strong><\/td>\n<\/tr>\n<tr>\n<td><strong>2003<\/strong><\/td>\n<td><a href=\"https:\/\/gia.org.br\/portal\/wp-content\/uploads\/2013\/05\/Monografia-Gisela.pdf\">Relat\u00f3rio do est\u00e1gio supervisionado: laborat\u00f3rio de morfologia funcional e histopatologia do Departamento de Ci\u00eancias Morfobiol\u00f3gicas da Funda\u00e7\u00e3o Universidade Federal do Rio Grande \u2013 FURG.<\/a><\/td>\n<td><strong>Gisela Geraldine Castilho<\/strong><\/td>\n<\/tr>\n<\/tbody>\n<\/table>\n","protected":false},"excerpt":{"rendered":"<p>Ano T\u00edtulo Autor \u00a02011 Proposta de gerenciamento ambiental de parques aqu\u00edcolas continentais, baseado nos impactos da piscicultura em tanque-rede Mariana Figur Seide 2008 Manejo na produ\u00e7\u00e3o e comercializa\u00e7\u00e3o de alevinos (Piscicultura Panam\u00e1, Santa Catarina). Karin Cristina Escobar Yamashiro 2008 Esp\u00e9cies de Prochilodus (Characiformes, Prochilodontidae) cultivados na regi\u00e3o do Baixo Rio S\u00e3o Francisco reveladas pela T\u00e9cnica [&hellip;]<\/p>\n","protected":false},"author":1,"featured_media":0,"parent":0,"menu_order":0,"comment_status":"closed","ping_status":"closed","template":"","meta":{"jnews_page_loop":[],"jnews_single_page":[],"footnotes":""},"class_list":["post-1778","page","type-page","status-publish","hentry"],"_links":{"self":[{"href":"https:\/\/gia.org.br\/portal\/wp-json\/wp\/v2\/pages\/1778","targetHints":{"allow":["GET"]}}],"collection":[{"href":"https:\/\/gia.org.br\/portal\/wp-json\/wp\/v2\/pages"}],"about":[{"href":"https:\/\/gia.org.br\/portal\/wp-json\/wp\/v2\/types\/page"}],"author":[{"embeddable":true,"href":"https:\/\/gia.org.br\/portal\/wp-json\/wp\/v2\/users\/1"}],"replies":[{"embeddable":true,"href":"https:\/\/gia.org.br\/portal\/wp-json\/wp\/v2\/comments?post=1778"}],"version-history":[{"count":0,"href":"https:\/\/gia.org.br\/portal\/wp-json\/wp\/v2\/pages\/1778\/revisions"}],"wp:attachment":[{"href":"https:\/\/gia.org.br\/portal\/wp-json\/wp\/v2\/media?parent=1778"}],"curies":[{"name":"wp","href":"https:\/\/api.w.org\/{rel}","templated":true}]}}