{"id":120,"date":"2017-11-13T13:37:21","date_gmt":"2017-11-13T13:37:21","guid":{"rendered":"https:\/\/gia.org.br\/portal\/?page_id=120"},"modified":"2021-04-01T09:59:09","modified_gmt":"2021-04-01T12:59:09","slug":"missao-visao-e-valores","status":"publish","type":"page","link":"https:\/\/gia.org.br\/portal\/missao-visao-e-valores\/","title":{"rendered":"Miss\u00e3o, Vis\u00e3o e Valores"},"content":{"rendered":"<h3 style=\"text-align: justify;\">MISS\u00c3O<\/h3>\n<p style=\"text-align: justify;\">A principal miss\u00e3o do GIA \u00e9 assumir um papel direto na intera\u00e7\u00e3o entre setor acad\u00eamico, a iniciativa privada e a sociedade civil em geral, transpondo os muros universit\u00e1rios, aplicando com excel\u00eancia e efici\u00eancia, m\u00e9todos t\u00e9cnico-cient\u00edficos na resolu\u00e7\u00e3o de problemas ambientais, sociais e econ\u00f4micos que dizem respeito aos mais diferentes setores da sociedade brasileira.<\/p>\n<h3 style=\"text-align: justify;\">VIS\u00c3O<\/h3>\n<p style=\"text-align: justify;\">O enfrentamento dos grandes desafios ambientais, sociais e econ\u00f4micos da nossa sociedade n\u00e3o pode prescindir da ci\u00eancia, da tecnologia e da inova\u00e7\u00e3o. Pelo contr\u00e1rio, elas devem nortear esse processo. Por isso, o GIA preza pelo rigor cient\u00edfico e pela qualidade t\u00e9cnica em tudo o que faz, buscando n\u00e3o obrigatoriamente os caminhos mais f\u00e1ceis ou curtos, mas os mais seguros e que levem, de fato, aos destinos desejados. Por isso, o GIA trabalha para ser reconhecido como um grupo de refer\u00eancia na cria\u00e7\u00e3o e na dissemina\u00e7\u00e3o do conhecimento cient\u00edfico e tecnol\u00f3gico, promovendo a excel\u00eancia da qualidade na forma\u00e7\u00e3o de capital humano, nas atividades de investiga\u00e7\u00e3o e na valoriza\u00e7\u00e3o social e econ\u00f4mica do conhecimento.<\/p>\n<h3 style=\"text-align: justify;\">VALORES<\/h3>\n<p style=\"text-align: justify;\">Trabalhamos com o foco na forma\u00e7\u00e3o profissional e humana qualificada e acreditamos que somente atrav\u00e9s da meritocracia se pode conduzir esse processo;<\/p>\n<ul>\n<li style=\"text-align: justify;\">Encaramos os desafios ambientais e sociais como objetivos e metas reais, n\u00e3o apenas com a ret\u00f3rica vazia em que vem se transformando o discurso de &#8220;sustentabilidade&#8221;;<\/li>\n<li style=\"text-align: justify;\">Acreditamos ser poss\u00edvel, atrav\u00e9s da ci\u00eancia e tecnologia, buscar o lucro e promover o desenvolvimento econ\u00f4mico e social em conson\u00e2ncia com o uso cada vez mais racional e equilibrado dos recursos naturais;<\/li>\n<li style=\"text-align: justify;\">Buscamos a excel\u00eancia em nossas a\u00e7\u00f5es e em nossos resultados, sempre com muito rigor, mas tamb\u00e9m com simplicidade e objetividade.<\/li>\n<\/ul>\n","protected":false},"excerpt":{"rendered":"<p>MISS\u00c3O A principal miss\u00e3o do GIA \u00e9 assumir um papel direto na intera\u00e7\u00e3o entre setor acad\u00eamico, a iniciativa privada e a sociedade civil em geral, transpondo os muros universit\u00e1rios, aplicando com excel\u00eancia e efici\u00eancia, m\u00e9todos t\u00e9cnico-cient\u00edficos na resolu\u00e7\u00e3o de problemas ambientais, sociais e econ\u00f4micos que dizem respeito aos mais diferentes setores da sociedade brasileira. VIS\u00c3O [&hellip;]<\/p>\n","protected":false},"author":1,"featured_media":0,"parent":0,"menu_order":0,"comment_status":"closed","ping_status":"closed","template":"","meta":{"jnews_page_loop":{"first_title":"Latest Post","second_title":"","header_type":"heading_6","header_background":"","header_text_color":"","layout":"right-sidebar","sidebar":"default-sidebar","second_sidebar":"default-sidebar","sticky_sidebar":"1","module":"3","excerpt_length":"20","content_date":"default","date_custom":"Y\/m\/d","content_pagination":"nav_1","pagination_align":"center","post_offset":"0","posts_per_page":"5","include_post":"","exclude_post":"","include_category":"","exclude_category":"","include_author":"","include_tag":"","exclude_tag":"","sort_by":"latest"},"jnews_single_page":{"layout":"right-sidebar","sidebar":"default-sidebar","second_sidebar":"default-sidebar","sticky_sidebar":"1","show_post_featured":"1","share_position":"top","share_color":"share-monocrhome"},"footnotes":""},"class_list":["post-120","page","type-page","status-publish","hentry"],"_links":{"self":[{"href":"https:\/\/gia.org.br\/portal\/wp-json\/wp\/v2\/pages\/120","targetHints":{"allow":["GET"]}}],"collection":[{"href":"https:\/\/gia.org.br\/portal\/wp-json\/wp\/v2\/pages"}],"about":[{"href":"https:\/\/gia.org.br\/portal\/wp-json\/wp\/v2\/types\/page"}],"author":[{"embeddable":true,"href":"https:\/\/gia.org.br\/portal\/wp-json\/wp\/v2\/users\/1"}],"replies":[{"embeddable":true,"href":"https:\/\/gia.org.br\/portal\/wp-json\/wp\/v2\/comments?post=120"}],"version-history":[{"count":0,"href":"https:\/\/gia.org.br\/portal\/wp-json\/wp\/v2\/pages\/120\/revisions"}],"wp:attachment":[{"href":"https:\/\/gia.org.br\/portal\/wp-json\/wp\/v2\/media?parent=120"}],"curies":[{"name":"wp","href":"https:\/\/api.w.org\/{rel}","templated":true}]}}